{"id":136889,"date":"2021-02-27T15:19:22","date_gmt":"2021-02-27T15:19:22","guid":{"rendered":"http:\/\/sof.edu.vn\/?page_id=136889"},"modified":"2024-04-11T05:05:26","modified_gmt":"2024-04-11T05:05:26","slug":"gioi-thieu-khoa","status":"publish","type":"page","link":"https:\/\/sof.edu.vn\/en\/khoa-tai-chinh\/gioi-thieu-khoa\/","title":{"rendered":"Introduction"},"content":{"rendered":"<p class=\"has-text-align-center has-vivid-green-cyan-color has-text-color\" style=\"font-size:22px\"><strong>N\u01a0I \u0110\u00c0O T\u1ea0O H\u00c0NG \u0110\u1ea6U V\u1ec0 T\u00c0I CH\u00cdNH<\/strong><\/p>\n\n\n\n<p>Trong m\u1ed9t n\u1ec1n kinh t\u1ebf li\u00ean t\u1ee5c chuy\u1ec3n \u0111\u1ed9ng v\u1edbi m\u1ed9t th\u1ecb tr\u01b0\u1eddng t\u00e0i ch\u00ednh n\u0103ng \u0111\u1ed9ng v\u00e0 h\u1ed9i nh\u1eadp, b\u1ea1n s\u1ebd l\u00e0m g\u00ec \u0111\u1ec3 ngu\u1ed3n l\u1ef1c t\u00e0i ch\u00ednh \u0111\u01b0\u1ee3c ph\u00e1t huy t\u1ed1i \u0111a v\u00e0 t\u0103ng tr\u01b0\u1edfng nhanh ch\u00f3ng nh\u1ea5t cho b\u1ea3n th\u00e2n, cho doanh nghi\u1ec7p? T\u00e0i ch\u00ednh \u2013 \u0110\u1ea7u t\u01b0 \u2013 B\u1ea3o hi\u1ec3m &#8211; Qu\u1ea3n tr\u1ecb r\u1ee7i ro v\u00e0 nh\u1eefng ki\u1ebfn th\u1ee9c s\u00e2u r\u1ed9ng v\u1ec1 T\u00e0i ch\u00ednh qu\u1ed1c t\u1ebf l\u00e0 kh\u00f4ng th\u1ec3 thi\u1ebfu gi\u00fap b\u1ea1n gi\u1ea3i quy\u1ebft \u0111\u01b0\u1ee3c c\u00e2u h\u1ecfi tr\u00ean.<\/p>\n\n\n\n<p class=\"has-vivid-red-color has-text-color\">*<strong><em>Ch\u00e0o m\u1eebng b\u1ea1n \u0111\u1ebfn v\u1edbi Khoa T\u00e0i ch\u00ednh<\/em><\/strong><\/p>\n\n\n\n<p>Khoa T\u00e0i ch\u00ednh l\u00e0 m\u1ed9t trong nh\u1eefng Khoa c\u00f3 s\u1ed1 l\u01b0\u1ee3ng sinh vi\u00ean \u0111\u00f4ng c\u1ee7a \u0110\u1ea1i h\u1ecdc Kinh T\u1ebf Th\u00e0nh ph\u1ed1 H\u1ed3 Ch\u00ed Minh (UEH). Khoa \u0111\u1ea3m tr\u00e1ch vi\u1ec7c \u0111\u00e0o t\u1ea1o ngu\u1ed3n nh\u00e2n l\u1ef1c ch\u1ea5t l\u01b0\u1ee3ng cao tr\u00ecnh \u0111\u1ed9 \u0111\u1ea1i h\u1ecdc v\u1edbi c\u00e1c ch\u01b0\u01a1ng tr\u00ecnh T\u00e0i ch\u00ednh, \u0110\u1ea7u t\u01b0 t\u00e0i ch\u00ednh, T\u00e0i ch\u00ednh qu\u1ed1c t\u1ebf, Qu\u1ea3n tr\u1ecb r\u1ee7i ro t\u00e0i ch\u00ednh, B\u1ea3o hi\u1ec3m, v\u00e0 ch\u01b0\u01a1ng tr\u00ecnh song ng\u00e0nh B\u1ea3o hi\u1ec3m \u2013 T\u00e0i ch\u00ednh. B\u00ean c\u1ea1nh \u0111\u00f3, Khoa c\u0169ng \u0111\u1ea3m nhi\u1ec7m \u0111\u00e0o t\u1ea1o b\u1eadc Th\u1ea1c s\u0129 v\u00e0 Ti\u1ebfn s\u0129 chuy\u00ean ng\u00e0nh T\u00e0i ch\u00ednh.\u00a0<\/p>\n\n\n\n<p>V\u1edbi \u0111\u1ed9i ng\u0169 gi\u1ea3ng vi\u00ean c\u01a1 h\u1eefu gi\u00e0u kinh nghi\u1ec7m g\u1ed3m 01 Gi\u00e1o s\u01b0, 10 Ph\u00f3 Gi\u00e1o s\u01b0, 13 Ti\u1ebfn s\u0129, 3 Th\u1ea1c s\u0129 v\u00e0 10 nghi\u00ean c\u1ee9u sinh trong v\u00e0 ngo\u00e0i n\u01b0\u1edbc, h\u00e0ng n\u0103m gi\u1ea3ng vi\u00ean c\u1ee7a Khoa c\u00f4ng b\u1ed1 h\u01a1n 20 b\u00e0i b\u00e1o tr\u00ean c\u00e1c t\u1ea1p ch\u00ed qu\u1ed1c t\u1ebf c\u00f3 uy t\u00edn, c\u00e1c h\u1ed9i th\u1ea3o qu\u1ed1c t\u1ebf. Ngo\u00e0i ra, gi\u1ea3ng vi\u00ean c\u1ee7a Khoa c\u00f2n tham gia ph\u1ea3n bi\u1ec7n ch\u00ednh s\u00e1ch, tham gia H\u1ed9i \u0111\u1ed3ng T\u01b0 v\u1ea5n ch\u00ednh s\u00e1ch T\u00e0i ch\u00ednh ti\u1ec1n t\u1ec7 Qu\u1ed1c gia, \u0111\u00f3ng g\u00f3p ti\u1ebfng n\u00f3i quan tr\u1ecdng tr\u00ean c\u00e1c k\u00eanh th\u00f4ng tin t\u00e0i ch\u00ednh c\u1ee7a Vi\u1ec7t Nam qua c\u00e1c b\u00e0i ph\u00e2n t\u00edch, t\u01b0 v\u1ea5n, b\u00ecnh lu\u1eadn s\u1ef1 ki\u1ec7n kinh t\u1ebf th\u1ebf gi\u1edbi v\u00e0 Vi\u1ec7t Nam.<\/p>\n\n\n\n<p class=\"has-text-align-center\"><strong>H\u00ecnh 1: \u0110\u1ed9i ng\u0169 gi\u1ea3ng vi\u00ean Khoa T\u00e0i ch\u00ednh<\/strong><\/p>\n\n\n\n<figure class=\"wp-block-image size-large\"><a href=\"https:\/\/sof.edu.vn\/wp-content\/uploads\/2022\/02\/Hinh-Khoa-2021_reduce-e1644214255468.png\"><img loading=\"lazy\" decoding=\"async\" width=\"1024\" height=\"724\" src=\"https:\/\/sof.edu.vn\/wp-content\/uploads\/2022\/02\/Hinh-Khoa-2021_reduce-1024x724.png\" alt=\"\" class=\"wp-image-138199\"\/><\/a><figcaption><em>Ngu\u1ed3n:&nbsp;Ph\u00f2ng D<\/em>SA-UEH<\/figcaption><\/figure>\n\n\n\n<p class=\"has-vivid-red-color has-text-color\">*<strong><em>Ch\u01b0\u01a1ng tr\u00ecnh c\u1eed nh\u00e2n T\u00e0i ch\u00ednh Ch\u1ea5t l\u01b0\u1ee3ng cao v\u00e0 c\u1eed nh\u00e2n T\u00e0i ch\u00ednh Ch\u1ea5t l\u01b0\u1ee3ng cao \u0111\u00e0o t\u1ea1o 100% b\u1eb1ng ti\u1ebfng Anh<\/em><\/strong><\/p>\n\n\n\n<p><em>V\u1edbi quy\u1ec1n l\u1ef1a ch\u1ecdn \u0111\u1eb7c bi\u1ec7t n\u00e0y, sinh vi\u00ean \u0111\u01b0\u1ee3c:<\/em><\/p>\n\n\n\n<ul class=\"wp-block-list\"><li>L\u1ef1a ch\u1ecdn chuy\u00ean ng\u00e0nh T\u00e0i ch\u00ednh ngay khi nh\u1eadp h\u1ecdc m\u00e0 kh\u00f4ng ph\u1ea3i c\u1ea1nh tranh khi ch\u1ecdn chuy\u00ean ng\u00e0nh sau giai \u0111o\u1ea1n \u0111\u1ea1i c\u01b0\u01a1ng<\/li><li>Ng\u00f4n ng\u1eef: 5 m\u00f4n h\u1ecdc \u0111\u01b0\u1ee3c gi\u1ea3ng d\u1ea1y b\u1eb1ng ti\u1ebfng Anh ho\u1eb7c 100% c\u00e1c m\u00f4n h\u1ecdc \u0111\u01b0\u1ee3c gi\u1ea3ng d\u1ea1y b\u1eb1ng ti\u1ebfng Anh<\/li><li>T\u0103ng c\u01b0\u1eddng th\u1ef1c h\u00e0nh v\u00e0 \u1ee9ng d\u1ee5ng trong m\u1ed7i m\u00f4n h\u1ecdc<\/li><li>Tham gia c\u00e1c bu\u1ed5i n\u00f3i chuy\u1ec7n v\u1edbi chuy\u00ean gia<\/li><li>\u0110\u01b0\u1ee3c tham quan th\u1ef1c t\u1ebf doanh nghi\u1ec7p trong qu\u00e1 tr\u00ecnh h\u1ecdc, \u0111\u01b0\u1ee3c gi\u1edbi thi\u1ec7u tham gia h\u1ecdc k\u1ef3 doanh nghi\u1ec7p t\u1ea1i c\u00e1c t\u1ed5 ch\u1ee9c t\u00e0i ch\u00ednh v\u00e0 doanh nghi\u1ec7p, v\u00e0 \u0111\u01b0\u1ee3c gi\u1edbi thi\u1ec7u nhi\u1ec1u c\u01a1 h\u1ed9i vi\u1ec7c l\u00e0m ngay khi t\u1ed1t nghi\u1ec7p.<\/li><\/ul>\n\n\n\n<p class=\"has-vivid-red-color has-text-color\">*<strong><em>Ch\u01b0\u01a1ng tr\u00ecnh song ng\u00e0nh B\u1ea3o hi\u1ec3m \u2013 T\u00e0i ch\u00ednh<\/em><\/strong><\/p>\n\n\n\n<p>Hi\u1ec7n nay c\u00e1c ch\u01b0\u01a1ng tr\u00ecnh \u0111\u00e0o t\u1ea1o ng\u00e0nh B\u1ea3o hi\u1ec3m ch\u1ec9 t\u1eadp trung thu\u1ea7n t\u00fay c\u00e1c nghi\u1ec7p v\u1ee5 c\u1ee7a B\u1ea3o hi\u1ec3m. \u0110\u1ea1i h\u1ecdc Kinh t\u1ebf Th\u00e0nh ph\u1ed1 H\u1ed3 Ch\u00ed Minh (UEH) thi\u1ebft k\u1ebf ch\u01b0\u01a1ng tr\u00ecnh \u0111\u00e0o t\u1ea1o ng\u00e0nh B\u1ea3o hi\u1ec3m v\u1edbi 2 kh\u1ed1i ki\u1ebfn th\u1ee9c chuy\u00ean ng\u00e0nh l\u00e0 B\u1ea3o hi\u1ec3m v\u00e0 \u0110\u1ea7u t\u01b0 t\u00e0i ch\u00ednh. N\u1ed9i dung v\u1ec1 \u0111\u1ea7u t\u01b0 t\u00e0i ch\u00ednh s\u1ebd gi\u00fap ng\u01b0\u1eddi h\u1ecdc c\u00f3 th\u1ec3 l\u00e0m vi\u1ec7c \u1edf b\u1ed9 ph\u1eadn qu\u1ea3n l\u00fd \u0111\u1ea7u t\u01b0 t\u1ea1i c\u00f4ng ty b\u1ea3o hi\u1ec3m hay c\u00e1c t\u1ed5 ch\u1ee9c \u0111\u1ea7u t\u01b0 kh\u00e1c.\u00a0<\/p>\n\n\n\n<p>Tuy nhi\u00ean, th\u1ecb tr\u01b0\u1eddng lao \u0111\u1ed9ng ng\u00e0nh b\u1ea3o hi\u1ec3m c\u00f2n \u0111\u00f2i h\u1ecfi ng\u01b0\u1eddi h\u1ecdc ph\u1ea3i c\u00f3 ki\u1ebfn th\u1ee9c v\u1ec1 t\u00e0i ch\u00ednh \u0111\u1ec3 t\u01b0 v\u1ea5n gi\u1ea3i ph\u00e1p t\u00e0i ch\u00ednh cho kh\u00e1ch h\u00e0ng, \u0111\u1ed3ng th\u1eddi qu\u1ea3n tr\u1ecb t\u00e0i ch\u00ednh trong c\u00f4ng ty b\u1ea3o hi\u1ec3m. Ch\u00ednh t\u1eeb y\u00eau c\u1ea7u n\u00e0y, ng\u00e0nh B\u1ea3o hi\u1ec3m c\u1ee7a UEH \u0111\u01b0\u1ee3c thi\u1ebft k\u1ebf \u0111\u1ec3 sinh vi\u00ean c\u00f3 th\u1ec3 l\u1ea5y th\u00eam b\u1eb1ng th\u1ee9 2 sau khi t\u00edch l\u0169y th\u00eam 7-9 m\u00f4n h\u1ecdc, t\u01b0\u01a1ng \u0111\u01b0\u01a1ng 21-27 t\u00edn ch\u1ec9 (trong m\u1ed9t h\u1ecdc k\u1ef3) \u0111\u1ec3 nh\u1eadn th\u00eam b\u1eb1ng \u0111\u1ea1i h\u1ecdc th\u1ee9 2 v\u1edbi ng\u00e0nh T\u00e0i ch\u00ednh. \u0110\u00e2y l\u00e0 s\u1ef1 kh\u00e1c bi\u1ec7t \u1ea5n t\u01b0\u1ee3ng nh\u1ea5t c\u1ee7a ch\u01b0\u01a1ng tr\u00ecnh \u0111\u00e0o t\u1ea1o ng\u00e0nh B\u1ea3o hi\u1ec3m UEH so v\u1edbi c\u00e1c tr\u01b0\u1eddng \u0111\u00e0o t\u1ea1o v\u1ec1 ng\u00e0nh n\u00e0y.&nbsp;<\/p>\n\n\n\n<div class=\"wp-block-image\"><figure class=\"aligncenter size-large is-resized\"><a href=\"https:\/\/sof.edu.vn\/wp-content\/uploads\/2022\/02\/image.png\"><img loading=\"lazy\" decoding=\"async\" src=\"https:\/\/sof.edu.vn\/wp-content\/uploads\/2022\/02\/image.png\" alt=\"\" class=\"wp-image-138252\" width=\"566\" height=\"138\" srcset=\"https:\/\/sof.edu.vn\/wp-content\/uploads\/2022\/02\/image.png 468w, https:\/\/sof.edu.vn\/wp-content\/uploads\/2022\/02\/image-300x73.png 300w, https:\/\/sof.edu.vn\/wp-content\/uploads\/2022\/02\/image-255x62.png 255w\" sizes=\"auto, (max-width: 566px) 100vw, 566px\" \/><\/a><\/figure><\/div>\n\n\n\n<p>Nh\u01b0 v\u1eady,&nbsp;<strong><em>ch\u1ec9 v\u1edbi 4 n\u0103m h\u1ecdc<\/em><\/strong>, sinh vi\u00ean ng\u00e0nh B\u1ea3o hi\u1ec3m s\u1ebd c\u00f3 trong tay&nbsp;<strong><em>2 b\u1eb1ng \u0111\u1ea1i h\u1ecdc<\/em><\/strong>&nbsp;v\u1edbi&nbsp;<strong><em>3 m\u1ea3ng ki\u1ebfn th\u1ee9c: B\u1ea3o hi\u1ec3m, \u0110\u1ea7u t\u01b0 t\u00e0i ch\u00ednh v\u00e0 T\u00e0i ch\u00ednh doanh nghi\u1ec7p<\/em><\/strong>. Sau khi ra Tr\u01b0\u1eddng, sinh vi\u00ean kh\u00f4ng ch\u1ec9 c\u00f3 \u0111\u1ee7 ki\u1ebfn th\u1ee9c v\u00e0 k\u1ef9 n\u0103ng l\u00e0m vi\u1ec7c \u1edf c\u00e1c c\u00f4ng ty b\u1ea3o hi\u1ec3m m\u00e0 c\u00f2n c\u00f3 th\u1ec3 l\u00e0m vi\u1ec7c \u1edf&nbsp;c\u00e1c \u0111\u1ecbnh ch\u1ebf t\u00e0i ch\u00ednh &#8211; ng\u00e2n h\u00e0ng, c\u00f4ng ty ch\u1ee9ng kho\u00e1n, c\u00f4ng ty qu\u1ea3n l\u00fd qu\u1ef9, c\u00e1c t\u1ed5 ch\u1ee9c d\u1ecbch v\u1ee5 k\u1ebf to\u00e1n &#8211; ki\u1ec3m to\u00e1n trong n\u01b0\u1edbc v\u00e0 qu\u1ed1c t\u1ebf, c\u00e1c doanh nghi\u1ec7p,&#8230;&nbsp;\u0110\u1ed3ng th\u1eddi, ng\u01b0\u1eddi h\u1ecdc c\u00f3 ki\u1ebfn th\u1ee9c chuy\u00ean s\u00e2u v\u1ec1 T\u00e0i ch\u00ednh &#8211; Ng\u00e2n h\u00e0ng &#8211; B\u1ea3o hi\u1ec3m \u0111\u1ec3 s\u1eb5n s\u00e0ng th\u00edch \u1ee9ng v\u1edbi \u0111\u00f2i h\u1ecfi ng\u00e0y c\u00e0ng cao c\u1ee7a th\u1ecb tr\u01b0\u1eddng lao \u0111\u1ed9ng.<\/p>\n\n\n\n<p class=\"has-vivid-red-color has-text-color\">*<strong><em>C\u00e1c ch\u01b0\u01a1ng tr\u00ecnh li\u00ean k\u1ebft<\/em><\/strong><\/p>\n\n\n\n<p>Khoa T\u00e0i ch\u00ednh \u0111\u1eb7c bi\u1ec7t mang \u0111\u1ebfn cho sinh vi\u00ean c\u00e1c ch\u01b0\u01a1ng tr\u00ecnh li\u00ean k\u1ebft v\u1edbi c\u00e1c \u0110\u1ea1i h\u1ecdc danh ti\u1ebfng tr\u00ean th\u1ebf gi\u1edbi:&nbsp;<\/p>\n\n\n\n<ol class=\"wp-block-list\" type=\"1\"><li>C\u1eed nh\u00e2n T\u00e0i ch\u00ednh \u1ee9ng d\u1ee5ng 2+1 v\u1edbi \u0110\u1ea1i h\u1ecdc Rennes 1, Ph\u00e1p<\/li><li>C\u1eed nh\u00e2n T\u00e0i ch\u00ednh, K\u1ebf to\u00e1n, Kinh t\u1ebf theo h\u00ecnh th\u1ee9c 2 + 2 v\u1edbi \u0110\u1ea1i h\u1ecdc Aberdeen, Anh<\/li><li>Th\u1ea1c s\u1ef9 Qu\u1ea3n tr\u1ecb T\u00e0i ch\u00ednh v\u00e0 \u0110\u1ea7u t\u01b0 1 n\u0103m v\u1edbi \u0110\u1ea1i h\u1ecdc Aberdeen, Anh<\/li><li>B\u1eb1ng \u0111\u00f4i Th\u1ea1c s\u1ef9 T\u00e0i ch\u00ednh UEH v\u00e0 T\u00e0i ch\u00ednh \u0111\u1ecbnh l\u01b0\u1ee3ng Rennes 1<\/li><\/ol>\n\n\n\n<p class=\"has-text-align-center\"><strong>H\u00ecnh 2: L\u1ec5 t\u1ed1t nghi\u1ec7p Ch\u01b0\u01a1ng tr\u00ecnh Th\u1ea1c s\u1ef9 li\u00ean k\u1ebft Aberdeen<\/strong><\/p>\n\n\n\n<div class=\"wp-block-image\"><figure class=\"aligncenter size-large is-resized\"><a href=\"https:\/\/sof.edu.vn\/wp-content\/uploads\/2022\/02\/image-5.jpeg\"><img loading=\"lazy\" decoding=\"async\" src=\"https:\/\/sof.edu.vn\/wp-content\/uploads\/2022\/02\/image-5.jpeg\" alt=\"\" class=\"wp-image-138256\" width=\"581\" height=\"364\" srcset=\"https:\/\/sof.edu.vn\/wp-content\/uploads\/2022\/02\/image-5.jpeg 468w, https:\/\/sof.edu.vn\/wp-content\/uploads\/2022\/02\/image-5-300x188.jpeg 300w, https:\/\/sof.edu.vn\/wp-content\/uploads\/2022\/02\/image-5-255x160.jpeg 255w\" sizes=\"auto, (max-width: 581px) 100vw, 581px\" \/><\/a><figcaption>Ng<em>u\u1ed3n: Khoa T\u00e0i ch\u00ednh<\/em> &#8211; UEH<\/figcaption><\/figure><\/div>\n\n\n\n<p class=\"has-vivid-red-color has-text-color\">*<strong><em>Ch\u01b0\u01a1ng tr\u00ecnh \u0111\u01b0\u1ee3c ch\u1ee9ng nh\u1eadn v\u00e0 c\u00f4ng nh\u1eadn<\/em><\/strong><\/p>\n\n\n\n<p>\u0110i \u0111\u1ea7u trong chi\u1ebfn l\u01b0\u1ee3c qu\u1ed1c t\u1ebf h\u00f3a ch\u01b0\u01a1ng tr\u00ecnh \u0111\u00e0o t\u1ea1o c\u1ee7a UEH, t\u1eeb n\u0103m 2014, Khoa T\u00e0i ch\u00ednh \u0111\u00e3 x\u00e2y d\u1ef1ng v\u00e0 kh\u00f4ng ng\u1eebng ho\u00e0n thi\u1ec7n, ph\u00e1t tri\u1ec3n ch\u01b0\u01a1ng tr\u00ecnh \u0111\u00e0o t\u1ea1o theo h\u01b0\u1edbng ti\u1ec7m c\u1eadn v\u1edbi c\u00e1c ch\u01b0\u01a1ng tr\u00ecnh \u0111\u00e0o t\u1ea1o \u0111\u1ea1i h\u1ecdc c\u1ee7a c\u00e1c Tr\u01b0\u1eddng danh ti\u1ebfng thu\u1ed9c top 100 th\u1ebf gi\u1edbi nh\u01b0 (Wharton School, Cass Business School), \u0111\u1ed3ng th\u1eddi h\u01b0\u1edbng t\u1edbi t\u0103ng c\u01b0\u1eddng \u0111\u00e1p \u1ee9ng c\u00e1c kh\u1ed1i ki\u1ebfn th\u1ee9c c\u1ea7n thi\u1ebft \u0111\u1ec3 ng\u01b0\u1eddi h\u1ecdc c\u00f3 th\u1ec3 d\u1ec5 d\u00e0ng \u0111\u1ea1t \u0111\u01b0\u1ee3c c\u00e1c ch\u1ee9ng ch\u1ec9 ngh\u1ec1 nghi\u1ec7p v\u1ec1 t\u00e0i ch\u00ednh uy t\u00edn tr\u00ean th\u1ebf gi\u1edbi nh\u01b0 CFA, CPA, CMT, FRM, ANZIIF. Hi\u1ec7n t\u1ea1i, sinh vi\u00ean t\u1ed1t nghi\u1ec7p ng\u00e0nh t\u00e0i ch\u00ednh \u0111\u01b0\u1ee3c mi\u1ec5n 05 m\u00f4n thi l\u1ea5y ch\u1ee9ng ch\u1ec9 CPA, ch\u01b0\u01a1ng tr\u00ecnh \u0111\u00e0o t\u1ea1o \u0110\u1ea7u t\u01b0 t\u00e0i ch\u00ednh \u0111\u01b0\u1ee3c CFA c\u00f4ng nh\u1eadn l\u00e0 \u0111\u1ed1i t\u00e1c li\u00ean k\u1ebft. B\u00ean c\u1ea1nh \u0111\u00f3, ch\u01b0\u01a1ng tr\u00ecnh T\u00e0i ch\u00ednh c\u1ee7a Khoa \u0111\u00e3 \u0111\u1ea1t \u0111\u01b0\u1ee3c ch\u1ee9ng nh\u1eadn v\u1ec1 ki\u1ec3m \u0111\u1ecbnh ch\u1ea5t l\u01b0\u1ee3ng Qu\u1ed1c t\u1ebf theo ti\u00eau chu\u1ea9n AUN-QA t\u1eeb n\u0103m 2019.<\/p>\n\n\n\n<p class=\"has-vivid-red-color has-text-color\">*<strong><em>Ho\u1ea1t \u0111\u1ed9ng ngo\u1ea1i kh\u00f3a, c\u00e1c c\u00e2u l\u1ea1c b\u1ed9\/\u0111\u1ed9i\/nh\u00f3m<\/em><\/strong><\/p>\n\n\n\n<p>Ngo\u00e0i h\u1ecdc t\u1eadp, nghi\u00ean c\u1ee9u, tham gia c\u00e1c ho\u1ea1t \u0111\u1ed9ng c\u1ee7a UEH, c\u00e1c ho\u1ea1t \u0111\u1ed9ng t\u1ea1i doanh nghi\u1ec7p, sinh vi\u00ean Khoa T\u00e0i ch\u00ednh c\u00f2n m\u1ea1nh \u1edf c\u00e1c m\u1eb7t ho\u1ea1t \u0111\u1ed9ng \u0110o\u00e0n &#8211; H\u1ed9i (v\u1edbi 38 ch\u01b0\u01a1ng tr\u00ecnh ho\u1ea1t \u0111\u1ed9ng cho sinh vi\u00ean \u0111\u01b0\u1ee3c t\u1ed5 ch\u1ee9c ngay trong n\u0103m 2021). Kh\u00f4ng ch\u1ec9 d\u1eabn \u0111\u1ea7u trong ho\u1ea1t \u0111\u1ed9ng phong tr\u00e0o v\u00e0 t\u00ecnh nguy\u1ec7n, sinh vi\u00ean Khoa T\u00e0i ch\u00ednh c\u00f2n n\u1ed5i b\u1eadt v\u1ec1 c\u00e1c th\u00e0nh t\u00edch nghi\u00ean c\u1ee9u khoa h\u1ecdc v\u1edbi s\u1ed1 l\u01b0\u1ee3ng gi\u1ea3i th\u01b0\u1edfng nhi\u1ec1u nh\u1ea5t \u1edf c\u00e1c h\u1ea1ng m\u1ee5c nh\u01b0 Nh\u00e0 Kinh t\u1ebf tr\u1ebb, \u0110\u1ec1 t\u00e0i m\u00f4n h\u1ecdc xu\u1ea5t s\u1eafc, Gi\u1ea3i th\u01b0\u1edfng Sinh vi\u00ean nghi\u00ean c\u1ee9u khoa h\u1ecdc.<\/p>\n\n\n\n<p class=\"has-vivid-red-color has-text-color\">*<strong><em>H\u1ecdc k\u1ef3 doanh nghi\u1ec7p v\u00e0 c\u01a1 h\u1ed9i ngh\u1ec1 nghi\u1ec7p<\/em><\/strong><\/p>\n\n\n\n<p>Sinh vi\u00ean Khoa T\u00e0i ch\u00ednh c\u00f3 c\u01a1 h\u1ed9i th\u1ef1c hi\u1ec7n H\u1ecdc k\u1ef3 doanh nghi\u1ec7p t\u1ea1i c\u00e1c doanh nghi\u1ec7p, c\u00f4ng ty t\u00e0i ch\u00ednh, ng\u00e2n h\u00e0ng, c\u00f4ng ty ch\u1ee9ng kho\u00e1n, qu\u1ef9 \u0111\u1ea7u t\u01b0, c\u00f4ng ty b\u1ea3o hi\u1ec3m, c\u00f4ng ty ki\u1ec3m to\u00e1n\u2026 h\u00e0ng \u0111\u1ea7u Vi\u1ec7t Nam c\u0169ng nh\u01b0 c\u00e1c t\u1eadp \u0111o\u00e0n \u0111a qu\u1ed1c gia trong v\u00e0 ngo\u00e0i n\u01b0\u1edbc c\u00f9ng nh\u1eefng v\u1ecb tr\u00ed vi\u1ec7c l\u00e0m \u0111\u1ea7y h\u1ea5p d\u1eabn.<\/p>\n\n\n\n<p><em>B\u1ea1n c\u00f3 th\u1ec3 tr\u1edf th\u00e0nh&nbsp;<\/em><\/p>\n\n\n\n<ul class=\"wp-block-list\"><li>Gi\u00e1m \u0111\u1ed1c t\u00e0i ch\u00ednh \u2013 CFO<\/li><li>Chuy\u00ean gia qu\u1ea3n tr\u1ecb t\u00e0i ch\u00ednh, ph\u00e2n t\u00edch \u0111\u1ea7u t\u01b0&nbsp;<\/li><li>Chuy\u00ean gia kinh doanh ti\u1ec1n t\u1ec7, gi\u00e1m \u0111\u1ed1c ngu\u1ed3n v\u1ed1n, gi\u00e1m \u0111\u1ed1c ng\u00e2n h\u00e0ng&nbsp;&nbsp;<\/li><li>Chuy\u00ean gia qu\u1ea3n tr\u1ecb r\u1ee7i ro v\u00e0 \u0111\u1ecbnh ph\u00ed b\u1ea3o hi\u1ec3m<\/li><li>Chuy\u00ean gia t\u01b0 v\u1ea5n t\u00e0i ch\u00ednh, thu\u1ebf v\u00e0 ki\u1ec3m to\u00e1n.<\/li><\/ul>\n\n\n\n<p>V\u00e0 nhi\u1ec1u v\u1ecb tr\u00ed vi\u1ec7c l\u00e0m kh\u00e1c t\u1ea1i c\u00e1c c\u00f4ng ty ki\u1ec3m to\u00e1n, c\u00e1c qu\u1ef9 \u0111\u1ea7u t\u01b0, c\u00e1c \u0111\u1ecbnh ch\u1ebf ng\u00e2n h\u00e0ng, c\u00f4ng ty b\u1ea3o hi\u1ec3m\u2026 Ng\u01b0\u1eddi h\u1ecdc c\u0169ng s\u1ebd c\u00f3 thu\u1eadn l\u1ee3i h\u01a1n r\u1ea5t nhi\u1ec1u khi h\u1ecdc t\u1eadp v\u1ec1 t\u00e0i ch\u00ednh \u1edf c\u00e1c b\u1eadc h\u1ecdc cao h\u01a1n nh\u01b0 th\u1ea1c s\u1ef9 th\u1ef1c h\u00e0nh (M.A.), th\u1ea1c s\u1ef9 khoa h\u1ecdc (MSc) hay ti\u1ebfn s\u1ef9 (Ph.D.) t\u1ea1i c\u00e1c \u0111\u1ea1i h\u1ecdc uy t\u00edn tr\u00ean th\u1ebf gi\u1edbi.<\/p>\n\n\n\n<p>90% sinh vi\u00ean t\u1ed1t nghi\u1ec7p c\u1ee7a Khoa c\u00f3 vi\u1ec7c l\u00e0m trong v\u00f2ng 3 th\u00e1ng sau khi t\u1ed1t nghi\u1ec7p, v\u00e0 h\u1ea7u h\u1ebft 100% sinh vi\u00ean t\u1ed1t nghi\u1ec7p c\u00f3 vi\u1ec7c l\u00e0m trong v\u00f2ng 6 th\u00e1ng.<\/p>\n\n\n\n<p>Tr\u00ean th\u1ef1c t\u1ebf nhi\u1ec1u b\u1ea1n \u0111\u01b0\u1ee3c tuy\u1ec3n d\u1ee5ng ngay trong qu\u00e1 tr\u00ecnh th\u1ef1c t\u1eadp t\u1ed1t nghi\u1ec7p ho\u1eb7c ngay khi c\u00f3 b\u1eb1ng t\u1ed1t nghi\u1ec7p t\u1ea1m th\u1eddi.<\/p>\n\n\n\n<p>V\u1edbi m\u1ea1ng l\u01b0\u1edbi \u0111\u1ed1i t\u00e1c doanh nghi\u1ec7p c\u1ee7a Khoa v\u00e0 nh\u1eefng c\u1ef1u sinh vi\u00ean th\u00e0nh \u0111\u1ea1t hi\u1ec7n \u0111ang n\u1eafm gi\u1eef v\u1ecb tr\u00ed ch\u1ee7 ch\u1ed1t t\u1ea1i nhi\u1ec1u T\u1eadp \u0111o\u00e0n, Ng\u00e2n h\u00e0ng, C\u00f4ng ty ch\u1ee9ng kho\u00e1n, Qu\u1ef9 \u0111\u1ea7u t\u01b0, C\u00f4ng ty ki\u1ec3m to\u00e1n, C\u00f4ng ty b\u1ea3o hi\u1ec3m h\u00e0ng \u0111\u1ea7u hi\u1ec7n nay\u2026 sinh vi\u00ean Khoa T\u00e0i ch\u00ednh ho\u00e0n to\u00e0n c\u00f3 th\u1ec3 t\u1ef1 tin h\u00f2a nh\u1eadp v\u00e0 \u0111\u01b0\u1ee3c d\u1eabn d\u1eaft m\u1ed9t c\u00e1ch thu\u1eadn l\u1ee3i tr\u00ean con \u0111\u01b0\u1eddng s\u1ef1 nghi\u1ec7p c\u1ee7a m\u00ecnh.<\/p>\n\n\n\n<p class=\"has-text-align-center\"><strong>H\u00ecnh 3: L\u1ec5 t\u1ed1t nghi\u1ec7p \u0110\u1ea1i h\u1ecdc ch\u00ednh quy Kh\u00f3a 43 Khoa T\u00e0i ch\u00ednh<\/strong><\/p>\n\n\n\n<div class=\"wp-block-image\"><figure class=\"aligncenter size-large is-resized\"><a href=\"https:\/\/sof.edu.vn\/wp-content\/uploads\/2022\/02\/image-4.jpeg\"><img loading=\"lazy\" decoding=\"async\" src=\"https:\/\/sof.edu.vn\/wp-content\/uploads\/2022\/02\/image-4.jpeg\" alt=\"\" class=\"wp-image-138255\" width=\"578\" height=\"325\" srcset=\"https:\/\/sof.edu.vn\/wp-content\/uploads\/2022\/02\/image-4.jpeg 468w, https:\/\/sof.edu.vn\/wp-content\/uploads\/2022\/02\/image-4-300x169.jpeg 300w, https:\/\/sof.edu.vn\/wp-content\/uploads\/2022\/02\/image-4-255x143.jpeg 255w\" sizes=\"auto, (max-width: 578px) 100vw, 578px\" \/><\/a><figcaption>Ng<em>u\u1ed3n: Khoa T\u00e0i ch\u00ednh<\/em> &#8211; UEH<\/figcaption><\/figure><\/div>\n\n\n\n<p>\u0110\u1ec3 c\u00f3 th\u00eam th\u00f4ng tin v\u1ec1 nh\u1eefng ngh\u1ec1 nghi\u1ec7p d\u00e0nh cho sinh t\u1ed1t nghi\u1ec7p c\u1ee7a Khoa T\u00e0i ch\u00ednh, tham kh\u1ea3o s\u1ed5 tay Ngh\u1ec1 nghi\u1ec7p t\u00e0i ch\u00ednh t\u1ea1i link:&nbsp;<a href=\"https:\/\/rennes.sof.edu.vn\/handbook\/\" data-type=\"URL\" data-id=\"https:\/\/rennes.sof.edu.vn\/handbook\/\">https:\/\/rennes.sof.edu.vn\/handbook\/<\/a><\/p>\n\n\n\n<p class=\"has-vivid-green-cyan-color has-text-color\"><strong>KHOA T\u00c0I CH\u00cdNH:&nbsp;<\/strong><a href=\"https:\/\/sof.edu.vn\/en\/\" data-type=\"URL\" data-id=\"https:\/\/sof.edu.vn\/\">https:\/\/sof.edu.vn\/<\/a><\/p>\n\n\n\n<div class=\"wp-block-columns is-layout-flex wp-container-core-columns-is-layout-9d6595d7 wp-block-columns-is-layout-flex\"><\/div>\n\n\n\n<p><\/p>","protected":false},"excerpt":{"rendered":"<p>N\u01a0I \u0110\u00c0O T\u1ea0O H\u00c0NG \u0110\u1ea6U V\u1ec0 T\u00c0I CH\u00cdNH Trong m\u1ed9t n\u1ec1n kinh t\u1ebf li\u00ean t\u1ee5c chuy\u1ec3n \u0111\u1ed9ng v\u1edbi m\u1ed9t th\u1ecb tr\u01b0\u1eddng t\u00e0i ch\u00ednh n\u0103ng \u0111\u1ed9ng v\u00e0 h\u1ed9i nh\u1eadp, b\u1ea1n s\u1ebd l\u00e0m g\u00ec \u0111\u1ec3 ngu\u1ed3n l\u1ef1c t\u00e0i ch\u00ednh \u0111\u01b0\u1ee3c ph\u00e1t huy t\u1ed1i \u0111a v\u00e0 t\u0103ng tr\u01b0\u1edfng nhanh ch\u00f3ng nh\u1ea5t cho b\u1ea3n th\u00e2n, cho doanh nghi\u1ec7p? T\u00e0i [&hellip;]<\/p>","protected":false},"author":1,"featured_media":0,"parent":136899,"menu_order":0,"comment_status":"closed","ping_status":"closed","template":"","meta":{"_coblocks_attr":"","_coblocks_dimensions":"","_coblocks_responsive_height":"","_coblocks_accordion_ie_support":"","footnotes":""},"class_list":["post-136889","page","type-page","status-publish","hentry"],"_links":{"self":[{"href":"https:\/\/sof.edu.vn\/en\/wp-json\/wp\/v2\/pages\/136889","targetHints":{"allow":["GET"]}}],"collection":[{"href":"https:\/\/sof.edu.vn\/en\/wp-json\/wp\/v2\/pages"}],"about":[{"href":"https:\/\/sof.edu.vn\/en\/wp-json\/wp\/v2\/types\/page"}],"author":[{"embeddable":true,"href":"https:\/\/sof.edu.vn\/en\/wp-json\/wp\/v2\/users\/1"}],"replies":[{"embeddable":true,"href":"https:\/\/sof.edu.vn\/en\/wp-json\/wp\/v2\/comments?post=136889"}],"version-history":[{"count":17,"href":"https:\/\/sof.edu.vn\/en\/wp-json\/wp\/v2\/pages\/136889\/revisions"}],"predecessor-version":[{"id":139200,"href":"https:\/\/sof.edu.vn\/en\/wp-json\/wp\/v2\/pages\/136889\/revisions\/139200"}],"up":[{"embeddable":true,"href":"https:\/\/sof.edu.vn\/en\/wp-json\/wp\/v2\/pages\/136899"}],"wp:attachment":[{"href":"https:\/\/sof.edu.vn\/en\/wp-json\/wp\/v2\/media?parent=136889"}],"curies":[{"name":"wp","href":"https:\/\/api.w.org\/{rel}","templated":true}]}}