{"id":136899,"date":"2021-02-27T15:30:41","date_gmt":"2021-02-27T15:30:41","guid":{"rendered":"http:\/\/sof.edu.vn\/?page_id=136899"},"modified":"2021-02-27T15:30:42","modified_gmt":"2021-02-27T15:30:42","slug":"khoa-tai-chinh","status":"publish","type":"page","link":"https:\/\/sof.edu.vn\/en\/khoa-tai-chinh\/","title":{"rendered":"Faculty Of Finance"},"content":{"rendered":"<ul class=\"wp-block-list\"><li>Introduction<\/li><li>History<\/li><li>Training philosophy<\/li><li>Set the<\/li><\/ul>","protected":false},"excerpt":{"rendered":"<p>Gi\u1edbi thi\u1ec7u L\u1ecbch s\u1eed h\u00ecnh th\u00e0nh Tri\u1ebft l\u00fd \u0111\u00e0o t\u1ea1o B\u1ed9 m\u00e1y nh\u00e2n s\u1ef1<\/p>","protected":false},"author":1,"featured_media":0,"parent":0,"menu_order":0,"comment_status":"closed","ping_status":"closed","template":"","meta":{"_coblocks_attr":"","_coblocks_dimensions":"","_coblocks_responsive_height":"","_coblocks_accordion_ie_support":"","footnotes":""},"class_list":["post-136899","page","type-page","status-publish","hentry"],"_links":{"self":[{"href":"https:\/\/sof.edu.vn\/en\/wp-json\/wp\/v2\/pages\/136899","targetHints":{"allow":["GET"]}}],"collection":[{"href":"https:\/\/sof.edu.vn\/en\/wp-json\/wp\/v2\/pages"}],"about":[{"href":"https:\/\/sof.edu.vn\/en\/wp-json\/wp\/v2\/types\/page"}],"author":[{"embeddable":true,"href":"https:\/\/sof.edu.vn\/en\/wp-json\/wp\/v2\/users\/1"}],"replies":[{"embeddable":true,"href":"https:\/\/sof.edu.vn\/en\/wp-json\/wp\/v2\/comments?post=136899"}],"version-history":[{"count":1,"href":"https:\/\/sof.edu.vn\/en\/wp-json\/wp\/v2\/pages\/136899\/revisions"}],"predecessor-version":[{"id":136900,"href":"https:\/\/sof.edu.vn\/en\/wp-json\/wp\/v2\/pages\/136899\/revisions\/136900"}],"wp:attachment":[{"href":"https:\/\/sof.edu.vn\/en\/wp-json\/wp\/v2\/media?parent=136899"}],"curies":[{"name":"wp","href":"https:\/\/api.w.org\/{rel}","templated":true}]}}