{"id":136911,"date":"2021-02-28T10:19:38","date_gmt":"2021-02-28T10:19:38","guid":{"rendered":"http:\/\/sof.edu.vn\/?page_id=136911"},"modified":"2021-02-28T10:19:40","modified_gmt":"2021-02-28T10:19:40","slug":"triet-ly-dao-tao","status":"publish","type":"page","link":"https:\/\/sof.edu.vn\/en\/khoa-tai-chinh\/triet-ly-dao-tao\/","title":{"rendered":"Training philosophy"},"content":{"rendered":"<p><strong>TRI\u1ebeT L\u00dd \u0110\u00c0O T\u1ea0O&nbsp;<\/strong><\/p>\n\n\n\n<p>Tri\u1ebft l\u00fd gi\u00e1o d\u1ee5c c\u1ee7a khoa T\u00e0i ch\u00ednh \u0111\u01b0\u1ee3c x\u00e2y d\u1ef1ng d\u1ef1a tr\u00ean s\u1ef1 k\u1ebf th\u1eeba truy\u1ec1n th\u1ed1ng v\u00e0 th\u00e0nh qu\u1ea3 c\u1ee7a khoa&nbsp;trong&nbsp;qu\u00e1 kh\u1ee9 m\u00e0 c\u00f2n bao h\u00e0m t\u1ea7m quan tr\u1ecdng c\u1ee7a th\u1ef1c t\u1ebf hi\u1ec7n t\u1ea1i c\u0169ng nh\u01b0 h\u01b0\u1edbng \u0111\u1ebfn s\u1ef1 ph\u00e1t tri\u1ec3n trong t\u01b0\u01a1ng lai. M\u1ed9t c\u00e1ch ng\u1eafn g\u1ecdn, tri\u1ebft l\u00fd qu\u00e1 tr\u00ecnh \u0111\u00e0o t\u1ea1o v\u00e0 gi\u1ea3ng d\u1ea1y c\u1ee7a khoa T\u00e0i ch\u00ednh l\u00e0&nbsp;ph\u1ea3n \u00e1nh c\u00e1c k\u1ebft qu\u1ea3 nghi\u00ean c\u1ee9u n\u1ec1n t\u1ea3ng, \u0111\u01b0\u1ee3c c\u1eadp nh\u1eadt v\u00e0 ph\u1ea3n \u00e1nh th\u1ef1c ti\u1ec5n th\u1ecb tr\u01b0\u1eddng. Theo tri\u1ebft l\u00fd gi\u00e1o d\u1ee5c n\u00e0y, c\u00e1c gi\u1ea3ng vi\u00ean c\u1ee7a ch\u00fang t\u00f4i \u0111ang cung c\u1ea5p ki\u1ebfn th\u1ee9c, chuy\u1ec3n giao kinh nghi\u1ec7m cho sinh vi\u00ean kh\u00f4ng ch\u1ec9 \u1edf kh\u00eda c\u1ea1nh&nbsp;nghi\u00ean c\u1ee9u khoa h\u1ecdc m\u00e0 c\u00f2n \u1edf kh\u00eda c\u1ea1nh th\u1ef1c ti\u1ec5n l\u00e0m vi\u1ec7c.<\/p>\n\n\n\n<p>\u0110\u1ec3 c\u1ee5 th\u1ec3 h\u00f3a, v\u00e0 b\u1ea3o \u0111\u1ea3m cho vi\u1ec7c th\u1ef1c hi\u1ec7n tri\u1ebft l\u00fd gi\u00e1o d\u1ee5c n\u00e0y c\u1ea7n ph\u1ea3i coi tr\u1ecdng gi\u1ea3ng vi\u00ean, sinh vi\u00ean v\u00e0 s\u1ef1 tham gia s\u00e1ng t\u1ea1o c\u1ee7a c\u1ea3 hai, c\u0169ng nh\u01b0 s\u1ef1 \u0111\u00f3ng g\u00f3p c\u1ee7a c\u00e1c ch\u1ee7 th\u1ec3 th\u1ef1c ti\u1ec5n tr\u00ean th\u1ecb tr\u01b0\u1eddng.<\/p>\n\n\n\n<p>C\u00e1c gi\u1ea3ng vi\u00ean s\u1ebd \u0111\u00f3ng vai tr\u00f2 l\u00e0 ng\u01b0\u1eddi truy\u1ec1n \u0111\u1ea1t ki\u1ebfn th\u1ee9c n\u1ec1n t\u1ea3ng, truy\u1ec1n c\u1ea3m h\u1ee9ng v\u00e0 khuy\u1ebfn kh\u00edch c\u00e1c sinh vi\u00ean kh\u00e1m ph\u00e1 c\u00e1c ki\u1ebfn th\u1ee9c h\u1ecdc thu\u1eadt ngo\u00e0i c\u00e1c ki\u1ebfn th\u1ee9c n\u1ec1n t\u1ea3ng ban \u0111\u1ea7u. C\u1ee5 th\u1ec3 l\u00e0 ngo\u00e0i vai tr\u00f2 gi\u1ea3ng d\u1ea1y, cung c\u1ea5p ki\u1ebfn th\u1ee9c th\u00ec c\u00e1c gi\u1ea3ng vi\u00ean c\u00f2n h\u1ed7 tr\u1ee3 v\u00e0 h\u01b0\u1edbng d\u1eabn sinh vi\u00ean tham gia c\u00e1c ho\u1ea1t \u0111\u1ed9ng nghi\u00ean c\u1ee9u khoa h\u1ecdc nh\u1eb1m t\u0103ng c\u01b0\u1eddng th\u00eam ki\u1ebfn th\u1ee9c trong l\u0129nh v\u1ef1c t\u00e0i ch\u00ednh.<\/p>\n\n\n\n<p>M\u1ed9t \u0111\u1eb7c tr\u01b0ng quan tr\u1ecdng c\u1ee7a qu\u00e1 tr\u00ecnh gi\u1ea3ng d\u1ea1y v\u00e0 h\u1ecdc t\u1eadp c\u1ee7a khoa \u0111\u00f3 l\u00e0 cam k\u1ebft h\u1ecdc t\u1eadp c\u1ea3 \u0111\u1eddi. V\u1edbi \u0111\u1eb7c tr\u01b0ng n\u00e0y, c\u00e1c gi\u1ea3ng vi\u00ean c\u1ee7a khoa t\u00e0i ch\u00ednh kh\u00f4ng ch\u1ec9 truy\u1ec1n \u0111\u1ea1t ki\u1ebfn th\u1ee9c m\u00e0 c\u00f2n g\u1ee3i m\u1edf, khuy\u1ebfn kh\u00edch c\u00e1c sinh vi\u00ean ti\u1ebfp t\u1ee5c n\u00e2ng cao tr\u00ecnh \u0111\u1ed9 h\u1ecdc t\u1eadp, tham gia c\u00e1c kh\u00f3a k\u1ef9 n\u0103ng l\u00e0m vi\u1ec7c hay k\u1ef9 n\u0103ng s\u1ed1ng.<\/p>\n\n\n\n<p>Kinh nghi\u1ec7m h\u1ecdc t\u1eadp t\u1ea1i khoa t\u00e0i ch\u00ednh bao g\u1ed3m vi\u1ec7c ph\u00e1t tri\u1ec3n k\u1ef9 n\u0103ng ph\u00ea ph\u00e1n v\u00e0 t\u01b0 duy s\u00e1ng t\u1ea1o nh\u1eb1m gi\u00fap sinh vi\u00ean th\u00edch \u1ee9ng v\u1edbi m\u00f4i tr\u01b0\u1eddng kinh t\u1ebf to\u00e0n c\u1ea7u thay \u0111\u1ed5i li\u00ean t\u1ee5c. Gi\u1ea3ng vi\u00ean v\u00e0 sinh vi\u00ean \u0111\u01b0\u1ee3c khuy\u1ebfn kh\u00edch nghi\u00ean c\u1ee9u v\u00e0 kh\u00e1m ph\u00e1 c\u00e1c v\u1ea5n \u0111\u1ec1 th\u1eddi s\u1ef1 trong n\u01b0\u1edbc l\u1eabn qu\u1ed1c t\u1ebf, \u0111\u1ed3ng th\u1eddi c\u0169ng n\u00eau ra nh\u1eefng ph\u1ea3n bi\u1ec7n c\u1ee7a b\u1ea3n th\u00e2n \u0111\u1ed1i v\u1edbi nh\u1eefng nh\u1eadn \u0111\u1ecbnh th\u1eddi s\u1ef1. \u0110\u1ed3ng th\u1eddi, s\u1ef1 giao l\u01b0u, trao \u0111\u1ed5i v\u1edbi c\u00e1c di\u1ec5n gi\u1ea3, doanh nh\u00e2n \u0111\u1ebfn t\u1eeb c\u00e1c doanh nghi\u1ec7p c\u0169ng g\u00f3p ph\u1ea7n t\u0103ng c\u01b0\u1eddng n\u0103ng l\u1ef1c n\u1eafm b\u1eaft v\u00e0 th\u00edch \u1ee9ng v\u1edbi ki\u1ebfn th\u1ee9c th\u1ef1c ti\u1ec5n tr\u00ean th\u1ecb tr\u01b0\u1eddng.<\/p>\n\n\n\n<p><strong>S\u1ee8 M\u1ec6NH&nbsp;<\/strong><\/p>\n\n\n\n<ul class=\"wp-block-list\"><li>Cung c\u1ea5p cho ng\u01b0\u1eddi h\u1ecdc c\u00e1c ch\u01b0\u01a1ng tr\u00ecnh \u0111\u00e0o t\u1ea1o ch\u1ea5t l\u01b0\u1ee3ng cao v\u1ec1 kinh t\u1ebf &#8211; t\u00e0i ch\u00ednh;<\/li><\/ul>\n\n\n\n<ul class=\"wp-block-list\"><li>Nghi\u00ean c\u1ee9u h\u00e0n l\u00e2m v\u00e0 \u1ee9ng d\u1ee5ng \u0111\u1ec3 chuy\u1ec3n giao nh\u1eefng k\u1ebft qu\u1ea3 nghi\u00ean c\u1ee9u khoa h\u1ecdc v\u00e0o th\u1ef1c ti\u1ec5n;<\/li><\/ul>\n\n\n\n<ul class=\"wp-block-list\"><li>Cung c\u1ea5p ngu\u1ed3n nh\u00e2n l\u1ef1c ch\u1ea5t l\u01b0\u1ee3ng cao, c\u00f3 kh\u1ea3 n\u0103ng th\u00edch \u1ee9ng v\u00e0 \u0111\u00e1p \u1ee9ng t\u1ed1t v\u1edbi th\u1ecb tr\u01b0\u1eddng t\u00e0i ch\u00ednh khu v\u1ef1c v\u00e0 th\u1ebf gi\u1edbi.<\/li><\/ul>\n\n\n\n<p><strong>T\u1ea6M NH\u00ccN<\/strong><\/p>\n\n\n\n<ul class=\"wp-block-list\"><li>Tr\u1edf th\u00e0nh khoa \u0111\u00e0o t\u1ea1o v\u00e0 nghi\u00ean c\u1ee9u h\u00e0ng \u0111\u1ea7u v\u1ec1 t\u00e0i ch\u00ednh \u1edf Vi\u1ec7t Nam, c\u00f3 ch\u1ea5t l\u01b0\u1ee3ng ti\u1ec7m c\u1eadn v\u1edbi c\u00e1c c\u00e1c c\u01a1 s\u1edf \u0111\u00e0o t\u1ea1o \u0111\u1ea1i h\u1ecdc trong khu v\u1ef1c ch\u00e2u \u00c1.<\/li><\/ul>\n\n\n\n<ul class=\"wp-block-list\"><li>Khoa s\u1ebd \u0111\u00e0o t\u1ea1o ra nh\u1eefng con ng\u01b0\u1eddi th\u1ef1c h\u1ecdc \u2013 th\u1ef1c t\u00e0i, c\u00f3 ki\u1ebfn th\u1ee9c v\u1eeba r\u1ed9ng v\u00e0 v\u1eeba s\u00e2u v\u1ec1 m\u1eb7t h\u1ecdc thu\u1eadt l\u1eabn th\u1ef1c ti\u1ec5n.<\/li><\/ul>\n\n\n\n<ul class=\"wp-block-list\"><li>Ng\u01b0\u1eddi h\u1ecdc sau khi t\u1ed1t nghi\u1ec7p c\u00f3 \u0111\u1ee7 n\u0103ng l\u1ef1c c\u1ea1nh tranh v\u00e0 th\u00edch \u1ee9ng nhanh v\u1edbi n\u1ec1n kinh t\u1ebf to\u00e0n c\u1ea7u.<\/li><\/ul>","protected":false},"excerpt":{"rendered":"<p>TRI\u1ebeT L\u00dd \u0110\u00c0O T\u1ea0O&nbsp; Tri\u1ebft l\u00fd gi\u00e1o d\u1ee5c c\u1ee7a khoa T\u00e0i ch\u00ednh \u0111\u01b0\u1ee3c x\u00e2y d\u1ef1ng d\u1ef1a tr\u00ean s\u1ef1 k\u1ebf th\u1eeba truy\u1ec1n th\u1ed1ng v\u00e0 th\u00e0nh qu\u1ea3 c\u1ee7a khoa&nbsp;trong&nbsp;qu\u00e1 kh\u1ee9 m\u00e0 c\u00f2n bao h\u00e0m t\u1ea7m quan tr\u1ecdng c\u1ee7a th\u1ef1c t\u1ebf hi\u1ec7n t\u1ea1i c\u0169ng nh\u01b0 h\u01b0\u1edbng \u0111\u1ebfn s\u1ef1 ph\u00e1t tri\u1ec3n trong t\u01b0\u01a1ng lai. M\u1ed9t c\u00e1ch ng\u1eafn g\u1ecdn, tri\u1ebft [&hellip;]<\/p>","protected":false},"author":1,"featured_media":0,"parent":136899,"menu_order":2,"comment_status":"closed","ping_status":"closed","template":"","meta":{"_coblocks_attr":"","_coblocks_dimensions":"","_coblocks_responsive_height":"","_coblocks_accordion_ie_support":"","footnotes":""},"class_list":["post-136911","page","type-page","status-publish","hentry"],"_links":{"self":[{"href":"https:\/\/sof.edu.vn\/en\/wp-json\/wp\/v2\/pages\/136911","targetHints":{"allow":["GET"]}}],"collection":[{"href":"https:\/\/sof.edu.vn\/en\/wp-json\/wp\/v2\/pages"}],"about":[{"href":"https:\/\/sof.edu.vn\/en\/wp-json\/wp\/v2\/types\/page"}],"author":[{"embeddable":true,"href":"https:\/\/sof.edu.vn\/en\/wp-json\/wp\/v2\/users\/1"}],"replies":[{"embeddable":true,"href":"https:\/\/sof.edu.vn\/en\/wp-json\/wp\/v2\/comments?post=136911"}],"version-history":[{"count":1,"href":"https:\/\/sof.edu.vn\/en\/wp-json\/wp\/v2\/pages\/136911\/revisions"}],"predecessor-version":[{"id":136912,"href":"https:\/\/sof.edu.vn\/en\/wp-json\/wp\/v2\/pages\/136911\/revisions\/136912"}],"up":[{"embeddable":true,"href":"https:\/\/sof.edu.vn\/en\/wp-json\/wp\/v2\/pages\/136899"}],"wp:attachment":[{"href":"https:\/\/sof.edu.vn\/en\/wp-json\/wp\/v2\/media?parent=136911"}],"curies":[{"name":"wp","href":"https:\/\/api.w.org\/{rel}","templated":true}]}}