{"id":136913,"date":"2021-02-28T10:25:47","date_gmt":"2021-02-28T10:25:47","guid":{"rendered":"http:\/\/sof.edu.vn\/?page_id=136913"},"modified":"2025-08-15T09:22:11","modified_gmt":"2025-08-15T09:22:11","slug":"lien-he","status":"publish","type":"page","link":"https:\/\/sof.edu.vn\/en\/khoa-tai-chinh\/lien-he\/","title":{"rendered":"Contact information"},"content":{"rendered":"<div class=\"u_row\">\n        \t<div class=\"vc_row wpb_row vc_row-fluid\"><div class=\"wpb_column vc_column_container vc_col-sm-12\"><div class=\"vc_column-inner\"><div class=\"wpb_wrapper\">\n\t<div class=\"wpb_text_column wpb_content_element\" >\n\t\t<div class=\"wpb_wrapper\">\n\t\t\t<p>V\u0103n ph\u00f2ng khoa: Ph\u00f2ng B1-902, c\u01a1 s\u1edf B, 279 Nguy\u1ec5n Tri Ph\u01b0\u01a1ng, Ph\u01b0\u1eddng Di\u00ean H\u1ed3ng, TP.HCM<\/p>\n<p>\u0110i\u1ec7n tho\u1ea1i: \u00a0(+84) 28.35265829<\/p>\n<p>E-mail:\u00a0<a href=\"mailto:foc@ueh.edu.vn\">sof@ueh.edu.vn<\/a><\/p>\n<hr class=\"wp-block-separator\" \/>\n<p>C\u1ea7n trao \u0111\u1ed5i th\u00f4ng tin vui l\u00f2ng truy c\u1eadp link sau: <a href=\"https:\/\/hotro.ueh.edu.vn\/\">https:\/\/hotro.ueh.edu.vn\/<\/a><\/p>\n<p>&nbsp;<\/p>\n<div class=\"coblocks-form\" id=\"7cd4b759d3c31e1c5b4a91665532fb43ae1234ee\">\n<form action=\"\/en\/khoa-tai-chinh\/lien-he\/\" method=\"post\" data-trp-original-action=\"https:\/\/sof.edu.vn\/en\/khoa-tai-chinh\/lien-he\/#7cd4b759d3c31e1c5b4a91665532fb43ae1234ee\">\n\t\t\t\t\u00a0<\/p>\n<p><label for=\"ho-ten\" class=\"coblocks-label\">H\u1ecd t\u00ean <span class=\"required\">&#042;<\/span><\/label><br \/>\n\t\t<input type=\"hidden\" name=\"field-ho-ten&#091;label&#093;\" value=\"H\u1ecd t\u00ean\"><\/p>\n<p>\t\t\t\t<input type=\"hidden\" id=\"name-field-id\" name=\"name-field-id\" class=\"coblocks-name-field-id\" value=\"field-ho-ten\" \/><\/p>\n<p>\t\t<input type=\"text\" id=\"ho-ten\" name=\"field-ho-ten&#091;value&#093;\" class=\"coblocks-field coblocks-field--name\" required \/><\/p>\n<p><label for=\"email\" class=\"coblocks-label\">Email <span class=\"required\">&#042;<\/span><\/label><br \/>\n\t\t<input type=\"hidden\" name=\"field-email&#091;label&#093;\" value=\"Email\"><\/p>\n<p>\t\t<input type=\"hidden\" id=\"email-field-id\" name=\"email-field-id\" class=\"coblocks-email-field-id\" value=\"field-email\" \/><br \/>\n\t\t<input type=\"email\" id=\"email\" name=\"field-email&#091;value&#093;\" class=\"coblocks-field coblocks-field--email\" required \/><\/p>\n<p><label for=\"dien-thoai\" class=\"coblocks-label\">\u0110i\u1ec7n tho\u1ea1i <span class=\"required\">&#042;<\/span><\/label><br \/>\n\t\t<input type=\"hidden\" name=\"field-dien-thoai&#091;label&#093;\" value=\"\u0110i\u1ec7n tho\u1ea1i\"><\/p>\n<p>\t\t<input type=\"tel\" id=\"dien-thoai\" name=\"field-dien-thoai&#091;value&#093;\" class=\"coblocks-field coblocks-field--telephone\" required \/><\/p>\n<p><label for=\"noi-dung-lien-he\" class=\"coblocks-label\">N\u1ed9i dung li\u00ean h\u1ec7 <span class=\"required\">&#042;<\/span><\/label><br \/>\n\t\t<input type=\"hidden\" name=\"field-noi-dung-lien-he&#091;label&#093;\" value=\"N\u1ed9i dung li\u00ean h\u1ec7\"><\/p>\n<p>\t\t<textarea name=\"field-noi-dung-lien-he&#091;value&#093;\" id=\"noi-dung-lien-he\" class=\"coblocks-field coblocks-textarea\" rows=\"20\" required><\/textarea><\/p>\n<div class=\"coblocks-form__submit wp-block-button\">\n\t\t\t<button type=\"submit\" class=\"wp-block-button__link\" style=\"\">G\u1eedi<\/button><br \/>\n\t\t\t<input type=\"hidden\" id=\"form-submit\" name=\"form-submit\" value=\"1b5512d2d7\" \/><input type=\"hidden\" name=\"_wp_http_referer\" value=\"\/en\/wp-json\/wp\/v2\/pages\/136913\" \/>\t\t\t<input type=\"hidden\" name=\"action\" value=\"coblocks-form-submit\"><\/p><\/div>\n<p>\t\t\u00a0<\/p>\n<p>\t\t\t\t<input class=\"coblocks-field verify\" type=\"email\" name=\"coblocks-verify-email\" autocomplete=\"off\" placeholder=\"Email\" tabindex=\"-1\"><br \/>\n\t\t\t\t<input type=\"hidden\" name=\"form-hash\" value=\"7cd4b759d3c31e1c5b4a91665532fb43ae1234ee\"><\/p><input type=\"hidden\" name=\"trp-form-language\" value=\"en\"\/><\/form>\n<\/p><\/div>\n\n\t\t<\/div>\n\t<\/div>\n<\/div><\/div><\/div><\/div>    \t\t\t<\/div><!--\/u_row-->","protected":false},"excerpt":{"rendered":"V\u0103n ph\u00f2ng khoa: Ph\u00f2ng B1-902, c\u01a1 s\u1edf B, 279 Nguy\u1ec5n Tri Ph\u01b0\u01a1ng, Ph\u01b0\u1eddng Di\u00ean H\u1ed3ng, TP.HCM \u0110i\u1ec7n tho\u1ea1i: \u00a0(+84) 28.35265829 E-mail:\u00a0sof@ueh.edu.vn C\u1ea7n trao \u0111\u1ed5i th\u00f4ng tin vui l\u00f2ng truy c\u1eadp link sau: https:\/\/hotro.ueh.edu.vn\/ &nbsp; \u00a0 \u00a0","protected":false},"author":1,"featured_media":0,"parent":136899,"menu_order":3,"comment_status":"closed","ping_status":"closed","template":"","meta":{"_coblocks_attr":"","_coblocks_dimensions":"","_coblocks_responsive_height":"","_coblocks_accordion_ie_support":"","footnotes":""},"class_list":["post-136913","page","type-page","status-publish","hentry"],"_links":{"self":[{"href":"https:\/\/sof.edu.vn\/en\/wp-json\/wp\/v2\/pages\/136913","targetHints":{"allow":["GET"]}}],"collection":[{"href":"https:\/\/sof.edu.vn\/en\/wp-json\/wp\/v2\/pages"}],"about":[{"href":"https:\/\/sof.edu.vn\/en\/wp-json\/wp\/v2\/types\/page"}],"author":[{"embeddable":true,"href":"https:\/\/sof.edu.vn\/en\/wp-json\/wp\/v2\/users\/1"}],"replies":[{"embeddable":true,"href":"https:\/\/sof.edu.vn\/en\/wp-json\/wp\/v2\/comments?post=136913"}],"version-history":[{"count":11,"href":"https:\/\/sof.edu.vn\/en\/wp-json\/wp\/v2\/pages\/136913\/revisions"}],"predecessor-version":[{"id":139511,"href":"https:\/\/sof.edu.vn\/en\/wp-json\/wp\/v2\/pages\/136913\/revisions\/139511"}],"up":[{"embeddable":true,"href":"https:\/\/sof.edu.vn\/en\/wp-json\/wp\/v2\/pages\/136899"}],"wp:attachment":[{"href":"https:\/\/sof.edu.vn\/en\/wp-json\/wp\/v2\/media?parent=136913"}],"curies":[{"name":"wp","href":"https:\/\/api.w.org\/{rel}","templated":true}]}}