{"id":136942,"date":"2021-02-28T12:12:45","date_gmt":"2021-02-28T12:12:45","guid":{"rendered":"http:\/\/sof.edu.vn\/?page_id=136942"},"modified":"2021-03-01T01:39:24","modified_gmt":"2021-03-01T01:39:24","slug":"dai-hoc","status":"publish","type":"page","link":"https:\/\/sof.edu.vn\/en\/chuong-trinh-dao-tao\/dai-hoc\/","title":{"rendered":"University programs"},"content":{"rendered":"<div class=\"u_row\">\n        \t<div class=\"vc_row wpb_row vc_row-fluid\"><div class=\"wpb_column vc_column_container vc_col-sm-12\"><div class=\"vc_column-inner\"><div class=\"wpb_wrapper\">        <div class=\"event-listing un-grid-listing un-post-grid un-post-grid-6904\" data-delay=\"0\">\r\n            <div class=\"grid-listing-wrap\">\r\n                <div class=\"grid-listing no-overlay-bottom\">\r\n                \t                    <div class=\"grid-item grid-header\">\r\n                        <div class=\"grid-item-inner main-color-1-bg dark-div\"  >\r\n                            <div class=\"grid-item-content event-item\">\r\n                                <h1>Ch\u01b0\u01a1ng tr\u00ecnh \u0111\u00e0o t\u1ea1o \u0111\u1ea1i h\u1ecdc<\/h1>                                                                                            <\/div>\r\n                        <\/div>\r\n                    <\/div>\r\n                                                                <div class=\"grid-item grid-post-id-137889\">\r\n                            <div class=\"grid-item-inner\">\r\n                                <div class=\"grid-item-content event-item dark-div\">\r\n                                    <div class=\"event-thumbnail\">\r\n                                        <a href=\"https:\/\/sof.edu.vn\/en\/chuong-trinh-tai-chinh-chat-luong-cao\/\" title=\"FINANCE PROGRAMME HIGH QUALITY\"  >\r\n                                                                                        <img loading=\"lazy\" decoding=\"async\" src=\"https:\/\/sof.edu.vn\/wp-content\/uploads\/2014\/10\/K47-554x600.png\" width=\"554\" height=\"600\" title=\"FINANCE PROGRAMME HIGH QUALITY\" alt=\"CH\u01af\u01a0NG TR\u00ccNH T\u00c0I CH\u00cdNH CH\u1ea4T L\u01af\u1ee2NG CAO\">\r\n                                        <\/a>\r\n                                    <\/div>\r\n                                                                        <div class=\"event-overlay\">\r\n                                        <a class=\"overlay-top\" href=\"https:\/\/sof.edu.vn\/en\/chuong-trinh-tai-chinh-chat-luong-cao\/\" title=\"FINANCE PROGRAMME HIGH QUALITY\">\r\n                                            <h4>FINANCE PROGRAMME HIGH QUALITY<\/h4>\r\n                                                                                    <\/a>\r\n                                        <div class=\"overlay-bottom\">\r\n                                        \t\t\t\t\t\t\t\t\t\t\t\t\t                                                                                                                                        \r\n\t\t\t\t\t\t\t\t\t\t\t                                            \r\n                                        <\/div>\r\n                                    <\/div>\r\n                                <\/div><!--\/event-item-->\r\n                            <\/div>\r\n                                                    <\/div><!--\/grid-item-->\r\n                                                <div class=\"grid-item grid-post-id-137714\">\r\n                            <div class=\"grid-item-inner\">\r\n                                <div class=\"grid-item-content event-item dark-div\">\r\n                                    <div class=\"event-thumbnail\">\r\n                                        <a href=\"https:\/\/sof.edu.vn\/en\/nganh-tai-chinh-chat-luong-cao-dao-tao-bang-tieng-anh\/\" title=\"The Financial sector \u2013 High Quality (Training in English)\"  >\r\n                                                                                        <img loading=\"lazy\" decoding=\"async\" src=\"https:\/\/sof.edu.vn\/wp-content\/uploads\/2021\/03\/huiy-dong-von-quoc-te_cyex-554x650.gif\" width=\"554\" height=\"650\" title=\"The Financial sector \u2013 High Quality (Training in English)\" alt=\"Ng\u00e0nh T\u00e0i Ch\u00ednh &#8211; Ch\u1ea5t L\u01b0\u1ee3ng Cao (\u0110\u00e0o t\u1ea1o b\u1eb1ng Ti\u1ebfng Anh)\">\r\n                                        <\/a>\r\n                                    <\/div>\r\n                                                                        <div class=\"event-overlay\">\r\n                                        <a class=\"overlay-top\" href=\"https:\/\/sof.edu.vn\/en\/nganh-tai-chinh-chat-luong-cao-dao-tao-bang-tieng-anh\/\" title=\"The Financial sector \u2013 High Quality (Training in English)\">\r\n                                            <h4>The Financial sector \u2013 High Quality (Training in English)<\/h4>\r\n                                                                                    <\/a>\r\n                                        <div class=\"overlay-bottom\">\r\n                                        \t\t\t\t\t\t\t\t\t\t\t\t\t                                                                                                                                        \r\n\t\t\t\t\t\t\t\t\t\t\t                                            \r\n                                        <\/div>\r\n                                    <\/div>\r\n                                <\/div><!--\/event-item-->\r\n                            <\/div>\r\n                                                    <\/div><!--\/grid-item-->\r\n                                                <div class=\"grid-item grid-post-id-137712\">\r\n                            <div class=\"grid-item-inner\">\r\n                                <div class=\"grid-item-content event-item dark-div\">\r\n                                    <div class=\"event-thumbnail\">\r\n                                        <a href=\"https:\/\/sof.edu.vn\/en\/nganh-tai-chinh-chat-luong-cao-dao-tao-bang-tieng-viet\/\" title=\"The Financial sector \u2013 High Quality (Training in English)\"  >\r\n                                                                                        <img loading=\"lazy\" decoding=\"async\" src=\"https:\/\/sof.edu.vn\/wp-content\/uploads\/2021\/03\/UNSET.jpg\" width=\"424\" height=\"283\" title=\"The Financial sector \u2013 High Quality (Training in English)\" alt=\"Ng\u00e0nh T\u00e0i Ch\u00ednh &#8211; Ch\u1ea5t L\u01b0\u1ee3ng Cao (\u0110\u00e0o t\u1ea1o b\u1eb1ng Ti\u1ebfng Vi\u1ec7t)\">\r\n                                        <\/a>\r\n                                    <\/div>\r\n                                                                        <div class=\"event-overlay\">\r\n                                        <a class=\"overlay-top\" href=\"https:\/\/sof.edu.vn\/en\/nganh-tai-chinh-chat-luong-cao-dao-tao-bang-tieng-viet\/\" title=\"The Financial sector \u2013 High Quality (Training in English)\">\r\n                                            <h4>The Financial sector \u2013 High Quality (Training in English)<\/h4>\r\n                                                                                    <\/a>\r\n                                        <div class=\"overlay-bottom\">\r\n                                        \t\t\t\t\t\t\t\t\t\t\t\t\t                                                                                                                                        \r\n\t\t\t\t\t\t\t\t\t\t\t                                            \r\n                                        <\/div>\r\n                                    <\/div>\r\n                                <\/div><!--\/event-item-->\r\n                            <\/div>\r\n                                                    <\/div><!--\/grid-item-->\r\n                                                <div class=\"grid-item grid-post-id-137109\">\r\n                            <div class=\"grid-item-inner\">\r\n                                <div class=\"grid-item-content event-item dark-div\">\r\n                                    <div class=\"event-thumbnail\">\r\n                                        <a href=\"https:\/\/sof.edu.vn\/en\/nganh-quan-tri-rui-ro-tai-chinh\/\" title=\"Specialized Risk Management Financial\"  >\r\n                                                                                        <img loading=\"lazy\" decoding=\"async\" src=\"https:\/\/sof.edu.vn\/wp-content\/uploads\/2021\/03\/risk.jpg\" width=\"451\" height=\"291\" title=\"Specialized Risk Management Financial\" alt=\"Chuy\u00ean ng\u00e0nh Qu\u1ea3n Tr\u1ecb R\u1ee7i Ro T\u00e0i Ch\u00ednh\">\r\n                                        <\/a>\r\n                                    <\/div>\r\n                                                                        <div class=\"event-overlay\">\r\n                                        <a class=\"overlay-top\" href=\"https:\/\/sof.edu.vn\/en\/nganh-quan-tri-rui-ro-tai-chinh\/\" title=\"Specialized Risk Management Financial\">\r\n                                            <h4>Specialized Risk Management Financial<\/h4>\r\n                                                                                    <\/a>\r\n                                        <div class=\"overlay-bottom\">\r\n                                        \t\t\t\t\t\t\t\t\t\t\t\t\t                                                                                                                                        \r\n\t\t\t\t\t\t\t\t\t\t\t                                            \r\n                                        <\/div>\r\n                                    <\/div>\r\n                                <\/div><!--\/event-item-->\r\n                            <\/div>\r\n                                                    <\/div><!--\/grid-item-->\r\n                                                <div class=\"grid-item grid-post-id-137017\">\r\n                            <div class=\"grid-item-inner\">\r\n                                <div class=\"grid-item-content event-item dark-div\">\r\n                                    <div class=\"event-thumbnail\">\r\n                                        <a href=\"https:\/\/sof.edu.vn\/en\/nganh-tai-chinh-quoc-te\/\" title=\"Sector International Financial\"  >\r\n                                                                                        <img loading=\"lazy\" decoding=\"async\" src=\"https:\/\/sof.edu.vn\/wp-content\/uploads\/2021\/03\/huiy-dong-von-quoc-te_cyex-554x650.gif\" width=\"554\" height=\"650\" title=\"Sector International Financial\" alt=\"Ng\u00e0nh T\u00e0i Ch\u00ednh Qu\u1ed1c T\u1ebf\">\r\n                                        <\/a>\r\n                                    <\/div>\r\n                                                                        <div class=\"event-overlay\">\r\n                                        <a class=\"overlay-top\" href=\"https:\/\/sof.edu.vn\/en\/nganh-tai-chinh-quoc-te\/\" title=\"Sector International Financial\">\r\n                                            <h4>Sector International Financial<\/h4>\r\n                                                                                    <\/a>\r\n                                        <div class=\"overlay-bottom\">\r\n                                        \t\t\t\t\t\t\t\t\t\t\t\t\t                                                                                                                                        \r\n\t\t\t\t\t\t\t\t\t\t\t                                            \r\n                                        <\/div>\r\n                                    <\/div>\r\n                                <\/div><!--\/event-item-->\r\n                            <\/div>\r\n                                                    <\/div><!--\/grid-item-->\r\n                                                <div class=\"grid-item grid-post-id-137014\">\r\n                            <div class=\"grid-item-inner\">\r\n                                <div class=\"grid-item-content event-item dark-div\">\r\n                                    <div class=\"event-thumbnail\">\r\n                                        <a href=\"https:\/\/sof.edu.vn\/en\/nganh-bao-hiem\/\" title=\"The Insurance Industry\"  >\r\n                                                                                        <img loading=\"lazy\" decoding=\"async\" src=\"https:\/\/sof.edu.vn\/wp-content\/uploads\/2021\/03\/doanh_nghiep_bao_hiem-554x432.jpg\" width=\"554\" height=\"432\" title=\"The Insurance Industry\" alt=\"Ng\u00e0nh B\u1ea3o Hi\u1ec3m\">\r\n                                        <\/a>\r\n                                    <\/div>\r\n                                                                        <div class=\"event-overlay\">\r\n                                        <a class=\"overlay-top\" href=\"https:\/\/sof.edu.vn\/en\/nganh-bao-hiem\/\" title=\"The Insurance Industry\">\r\n                                            <h4>The Insurance Industry<\/h4>\r\n                                                                                    <\/a>\r\n                                        <div class=\"overlay-bottom\">\r\n                                        \t\t\t\t\t\t\t\t\t\t\t\t\t                                                                                                                                        \r\n\t\t\t\t\t\t\t\t\t\t\t                                            \r\n                                        <\/div>\r\n                                    <\/div>\r\n                                <\/div><!--\/event-item-->\r\n                            <\/div>\r\n                                                    <\/div><!--\/grid-item-->\r\n                                                <div class=\"grid-item grid-post-id-137012\">\r\n                            <div class=\"grid-item-inner\">\r\n                                <div class=\"grid-item-content event-item dark-div\">\r\n                                    <div class=\"event-thumbnail\">\r\n                                        <a href=\"https:\/\/sof.edu.vn\/en\/nganh-tai-chinh-giang-day-bang-tieng-anh\/\" title=\"Finance (taught in English)\"  >\r\n                                                                                        <img loading=\"lazy\" decoding=\"async\" src=\"https:\/\/sof.edu.vn\/wp-content\/uploads\/2021\/03\/UNSET.jpg\" width=\"424\" height=\"283\" title=\"Finance (taught in English)\" alt=\"Ng\u00e0nh T\u00e0i Ch\u00ednh (gi\u1ea3ng d\u1ea1y b\u1eb1ng ti\u1ebfng Anh)\">\r\n                                        <\/a>\r\n                                    <\/div>\r\n                                                                        <div class=\"event-overlay\">\r\n                                        <a class=\"overlay-top\" href=\"https:\/\/sof.edu.vn\/en\/nganh-tai-chinh-giang-day-bang-tieng-anh\/\" title=\"Finance (taught in English)\">\r\n                                            <h4>Finance (taught in English)<\/h4>\r\n                                                                                    <\/a>\r\n                                        <div class=\"overlay-bottom\">\r\n                                        \t\t\t\t\t\t\t\t\t\t\t\t\t                                                                                                                                        \r\n\t\t\t\t\t\t\t\t\t\t\t                                            \r\n                                        <\/div>\r\n                                    <\/div>\r\n                                <\/div><!--\/event-item-->\r\n                            <\/div>\r\n                                                    <\/div><!--\/grid-item-->\r\n                                        <\/div>\r\n            <\/div>\r\n        <\/div><!--\/un-grid-listing-->\r\n                <style scoped>\r\n\t\t@media (min-width: 992px){\r\n\t\t\t.un-post-grid-6904 .grid-item {\r\n\t\t\t\twidth: 33.333333333333%;\r\n\t\t\t}\r\n\t\t}\r\n\t\t<\/style>\r\n        \t<\/div><\/div><\/div><\/div>    \t\t\t<\/div><!--\/u_row-->","protected":false},"excerpt":{"rendered":"Chuy\u00ean ng\u00e0nh T\u00e0i Ch\u00ednh \u0111\u01b0\u1ee3c gi\u1ea3ng d\u1ea1y b\u1eb1ng Ti\u1ebfng Anh. Xem th\u00eam: Chuy\u00ean ng\u00e0nh T\u00e0i Ch\u00ednh","protected":false},"author":1,"featured_media":0,"parent":136940,"menu_order":0,"comment_status":"closed","ping_status":"closed","template":"","meta":{"_coblocks_attr":"","_coblocks_dimensions":"","_coblocks_responsive_height":"","_coblocks_accordion_ie_support":"","footnotes":""},"class_list":["post-136942","page","type-page","status-publish","hentry"],"_links":{"self":[{"href":"https:\/\/sof.edu.vn\/en\/wp-json\/wp\/v2\/pages\/136942","targetHints":{"allow":["GET"]}}],"collection":[{"href":"https:\/\/sof.edu.vn\/en\/wp-json\/wp\/v2\/pages"}],"about":[{"href":"https:\/\/sof.edu.vn\/en\/wp-json\/wp\/v2\/types\/page"}],"author":[{"embeddable":true,"href":"https:\/\/sof.edu.vn\/en\/wp-json\/wp\/v2\/users\/1"}],"replies":[{"embeddable":true,"href":"https:\/\/sof.edu.vn\/en\/wp-json\/wp\/v2\/comments?post=136942"}],"version-history":[{"count":2,"href":"https:\/\/sof.edu.vn\/en\/wp-json\/wp\/v2\/pages\/136942\/revisions"}],"predecessor-version":[{"id":137035,"href":"https:\/\/sof.edu.vn\/en\/wp-json\/wp\/v2\/pages\/136942\/revisions\/137035"}],"up":[{"embeddable":true,"href":"https:\/\/sof.edu.vn\/en\/wp-json\/wp\/v2\/pages\/136940"}],"wp:attachment":[{"href":"https:\/\/sof.edu.vn\/en\/wp-json\/wp\/v2\/media?parent=136942"}],"curies":[{"name":"wp","href":"https:\/\/api.w.org\/{rel}","templated":true}]}}