{"id":136946,"date":"2021-02-28T12:14:26","date_gmt":"2021-02-28T12:14:26","guid":{"rendered":"http:\/\/sof.edu.vn\/?page_id=136946"},"modified":"2021-03-01T01:37:17","modified_gmt":"2021-03-01T01:37:17","slug":"tien-si","status":"publish","type":"page","link":"https:\/\/sof.edu.vn\/en\/chuong-trinh-dao-tao\/tien-si\/","title":{"rendered":"Doctoral programs"},"content":{"rendered":"<div class=\"u_row\">\n        \t<div class=\"vc_row wpb_row vc_row-fluid\"><div class=\"wpb_column vc_column_container vc_col-sm-12\"><div class=\"vc_column-inner\"><div class=\"wpb_wrapper\">        <div class=\"event-listing un-grid-listing un-post-grid un-post-grid-4403\" data-delay=\"0\">\r\n            <div class=\"grid-listing-wrap\">\r\n                <div class=\"grid-listing\">\r\n                \t                    <div class=\"grid-item grid-header\">\r\n                        <div class=\"grid-item-inner main-color-1-bg dark-div\"  >\r\n                            <div class=\"grid-item-content event-item\">\r\n                                <h1>\u0110\u00e0o t\u1ea1o ti\u1ebfn s\u0129<\/h1>                                                                                            <\/div>\r\n                        <\/div>\r\n                    <\/div>\r\n                                                                <div class=\"grid-item grid-post-id-137028\">\r\n                            <div class=\"grid-item-inner\">\r\n                                <div class=\"grid-item-content event-item dark-div\">\r\n                                    <div class=\"event-thumbnail\">\r\n                                        <a href=\"https:\/\/sof.edu.vn\/en\/nganh-tai-chinh-tien-si\/\" title=\"Financial industry (Dr.)\"  >\r\n                                                                                        <img loading=\"lazy\" decoding=\"async\" src=\"https:\/\/sof.edu.vn\/wp-content\/uploads\/2021\/03\/books-768426_640-e1546060524367-554x386.jpg\" width=\"554\" height=\"386\" title=\"Financial industry (Dr.)\" alt=\"Ng\u00e0nh t\u00e0i ch\u00ednh (Ti\u1ebfn S\u0129)\">\r\n                                        <\/a>\r\n                                    <\/div>\r\n                                                                        <div class=\"event-overlay\">\r\n                                        <a class=\"overlay-top\" href=\"https:\/\/sof.edu.vn\/en\/nganh-tai-chinh-tien-si\/\" title=\"Financial industry (Dr.)\">\r\n                                            <h4>Financial industry (Dr.)<\/h4>\r\n                                                                                    <\/a>\r\n                                        <div class=\"overlay-bottom\">\r\n                                        \t\t\t\t\t\t\t\t\t\t\t\t\t                                                    \t<div>At 1:20 am<\/div>\r\n                                                                                                                                                                                                    <div>By admin<\/div>\r\n                                                                                                                                        \r\n\t\t\t\t\t\t\t\t\t\t\t                                            \r\n                                        <\/div>\r\n                                    <\/div>\r\n                                <\/div><!--\/event-item-->\r\n                            <\/div>\r\n                                                    <\/div><!--\/grid-item-->\r\n                                        <\/div>\r\n            <\/div>\r\n        <\/div><!--\/un-grid-listing-->\r\n        \t<\/div><\/div><\/div><\/div>    \t\t\t<\/div><!--\/u_row-->","protected":false},"excerpt":{"rendered":"Ch\u01b0\u01a1ng tr\u00ecnh \u0111\u00e0o t\u1ea1o tr\u00ecnh \u0111\u1ed9 Ti\u1ebfn s\u0129 T\u00e0i ch\u00ednh, Tr\u01b0\u1eddng \u0110\u1ea1i h\u1ecdc Kinh t\u1ebf TP. H\u1ed3 Ch\u00ed Minh \u0111\u01b0\u1ee3c thi\u1ebft k\u1ebf theo ti\u00eau chu\u1ea9n t\u1eeb nh\u1eefng tr\u01b0\u1eddng \u0111\u1ea1i h\u1ecdc h\u00e0ng \u0111\u1ea7u th\u1ebf gi\u1edbi. V\u1edbi h\u01b0\u1edbng ti\u1ebfp c\u1eadn h\u00e0n l\u00e2m, ch\u01b0\u01a1ng tr\u00ecnh Ti\u1ebfn s\u0129 T\u00e0i ch\u00ednh s\u1ebd gi\u00fap c\u00e1c nh\u00e0 khoa h\u1ecdc, nh\u00e0 nghi\u00ean c\u1ee9u [...]","protected":false},"author":1,"featured_media":0,"parent":136940,"menu_order":2,"comment_status":"closed","ping_status":"closed","template":"","meta":{"_coblocks_attr":"","_coblocks_dimensions":"","_coblocks_responsive_height":"","_coblocks_accordion_ie_support":"","footnotes":""},"class_list":["post-136946","page","type-page","status-publish","hentry"],"_links":{"self":[{"href":"https:\/\/sof.edu.vn\/en\/wp-json\/wp\/v2\/pages\/136946","targetHints":{"allow":["GET"]}}],"collection":[{"href":"https:\/\/sof.edu.vn\/en\/wp-json\/wp\/v2\/pages"}],"about":[{"href":"https:\/\/sof.edu.vn\/en\/wp-json\/wp\/v2\/types\/page"}],"author":[{"embeddable":true,"href":"https:\/\/sof.edu.vn\/en\/wp-json\/wp\/v2\/users\/1"}],"replies":[{"embeddable":true,"href":"https:\/\/sof.edu.vn\/en\/wp-json\/wp\/v2\/comments?post=136946"}],"version-history":[{"count":2,"href":"https:\/\/sof.edu.vn\/en\/wp-json\/wp\/v2\/pages\/136946\/revisions"}],"predecessor-version":[{"id":137037,"href":"https:\/\/sof.edu.vn\/en\/wp-json\/wp\/v2\/pages\/136946\/revisions\/137037"}],"up":[{"embeddable":true,"href":"https:\/\/sof.edu.vn\/en\/wp-json\/wp\/v2\/pages\/136940"}],"wp:attachment":[{"href":"https:\/\/sof.edu.vn\/en\/wp-json\/wp\/v2\/media?parent=136946"}],"curies":[{"name":"wp","href":"https:\/\/api.w.org\/{rel}","templated":true}]}}