{"id":136948,"date":"2021-02-28T12:15:02","date_gmt":"2021-02-28T12:15:02","guid":{"rendered":"http:\/\/sof.edu.vn\/?page_id=136948"},"modified":"2021-03-01T01:39:35","modified_gmt":"2021-03-01T01:39:35","slug":"lien-ket","status":"publish","type":"page","link":"https:\/\/sof.edu.vn\/en\/chuong-trinh-dao-tao\/lien-ket\/","title":{"rendered":"Affiliate program"},"content":{"rendered":"<div class=\"u_row\">\n        \t<div class=\"vc_row wpb_row vc_row-fluid\"><div class=\"wpb_column vc_column_container vc_col-sm-12\"><div class=\"vc_column-inner\"><div class=\"wpb_wrapper\">        <div class=\"event-listing un-grid-listing un-post-grid un-post-grid-2994\" data-delay=\"0\">\r\n            <div class=\"grid-listing-wrap\">\r\n                <div class=\"grid-listing\">\r\n                \t                    <div class=\"grid-item grid-header\">\r\n                        <div class=\"grid-item-inner main-color-1-bg dark-div\"  >\r\n                            <div class=\"grid-item-content event-item\">\r\n                                <h1>Affiliate program<\/h1>                                                                                            <\/div>\r\n                        <\/div>\r\n                    <\/div>\r\n                                                                <div class=\"grid-item grid-post-id-138205\">\r\n                            <div class=\"grid-item-inner\">\r\n                                <div class=\"grid-item-content event-item dark-div\">\r\n                                    <div class=\"event-thumbnail\">\r\n                                        <a href=\"https:\/\/sof.edu.vn\/en\/cach-mang-cong-nghiep-4-0-va-tuong-lai-nganh-tai-chinh\/\" title=\"BACHELOR IN FINANCE APPLICATION LINK INTERNATIONAL \u2013 UNIVERSITY OF RENNES 1\"  >\r\n                                                                                        <img loading=\"lazy\" decoding=\"async\" src=\"https:\/\/sof.edu.vn\/wp-content\/uploads\/2022\/02\/Screen-Shot-2022-02-14-at-12.25.40-PM-554x566.png\" width=\"554\" height=\"566\" title=\"BACHELOR IN FINANCE APPLICATION LINK INTERNATIONAL \u2013 UNIVERSITY OF RENNES 1\" alt=\"C\u1eec NH\u00c2N T\u00c0I CH\u00cdNH \u1ee8NG D\u1ee4NG LI\u00caN K\u1ebeT QU\u1ed0C T\u1ebe &#8211;  \u0110\u1ea0I H\u1eccC RENNES 1\">\r\n                                        <\/a>\r\n                                    <\/div>\r\n                                                                            <div class=\"date-block\">\r\n                                        \t                                                                                        <div class=\"month\">Mar<\/div>\r\n                                            <div class=\"day\">09<\/div>                                        <\/div>\r\n                                                                        <div class=\"event-overlay\">\r\n                                        <a class=\"overlay-top\" href=\"https:\/\/sof.edu.vn\/en\/cach-mang-cong-nghiep-4-0-va-tuong-lai-nganh-tai-chinh\/\" title=\"BACHELOR IN FINANCE APPLICATION LINK INTERNATIONAL \u2013 UNIVERSITY OF RENNES 1\">\r\n                                            <h4>BACHELOR IN FINANCE APPLICATION LINK INTERNATIONAL \u2013 UNIVERSITY OF RENNES 1<\/h4>\r\n                                                                                    <\/a>\r\n                                        <div class=\"overlay-bottom\">\r\n                                        \t\t\t\t\t\t\t\t\t\t\t\t\t                                                                                                <div>By T\u00f4 C\u00f4ng Nguy\u00ean B\u1ea3o<\/div>\r\n                                                                                                                                        \r\n\t\t\t\t\t\t\t\t\t\t\t                                            \r\n                                        <\/div>\r\n                                    <\/div>\r\n                                <\/div><!--\/event-item-->\r\n                            <\/div>\r\n                                                    <\/div><!--\/grid-item-->\r\n                                        <\/div>\r\n            <\/div>\r\n        <\/div><!--\/un-grid-listing-->\r\n        \t<\/div><\/div><\/div><\/div>    \t\t\t<\/div><!--\/u_row-->","protected":false},"excerpt":{"rendered":"C\u00c1CH M\u1ea0NG C\u00d4NG NGHI\u1ec6P 4.0 V\u00c0 T\u01af\u01a0NG LAI NG\u00c0NH T\u00c0I CH\u00cdNH \u201cCH\u1ee6 \u0110\u1ed8NG L\u1ef0A CH\u1eccN,&nbsp;N\u1eaeM TR\u1eccN T\u01af\u01a0NG LAI\u201d Trong xu h\u01b0\u1edbng ph\u00e1t tri\u1ec3n c\u1ee7a cu\u1ed9c c\u00e1ch m\u1ea1ng c\u00f4ng nghi\u1ec7p 4.0, nhi\u1ec1u l\u0129nh v\u1ef1c \u0111\u00e3 v\u00e0 \u0111ang chuy\u1ec3n \u0111\u1ed5i s\u1ed1 m\u1ea1nh m\u1ebd \u0111\u1ec3 h\u00f2a m\u00ecnh v\u00e0o nh\u1ecbp \u0111\u1ed9 ph\u00e1t tri\u1ec3n s\u00f4i \u0111\u1ed9ng c\u1ee7a th\u1ecb tr\u01b0\u1eddng trong [...]","protected":false},"author":1,"featured_media":0,"parent":136940,"menu_order":3,"comment_status":"closed","ping_status":"closed","template":"","meta":{"_coblocks_attr":"","_coblocks_dimensions":"","_coblocks_responsive_height":"","_coblocks_accordion_ie_support":"","footnotes":""},"class_list":["post-136948","page","type-page","status-publish","hentry"],"_links":{"self":[{"href":"https:\/\/sof.edu.vn\/en\/wp-json\/wp\/v2\/pages\/136948","targetHints":{"allow":["GET"]}}],"collection":[{"href":"https:\/\/sof.edu.vn\/en\/wp-json\/wp\/v2\/pages"}],"about":[{"href":"https:\/\/sof.edu.vn\/en\/wp-json\/wp\/v2\/types\/page"}],"author":[{"embeddable":true,"href":"https:\/\/sof.edu.vn\/en\/wp-json\/wp\/v2\/users\/1"}],"replies":[{"embeddable":true,"href":"https:\/\/sof.edu.vn\/en\/wp-json\/wp\/v2\/comments?post=136948"}],"version-history":[{"count":2,"href":"https:\/\/sof.edu.vn\/en\/wp-json\/wp\/v2\/pages\/136948\/revisions"}],"predecessor-version":[{"id":137038,"href":"https:\/\/sof.edu.vn\/en\/wp-json\/wp\/v2\/pages\/136948\/revisions\/137038"}],"up":[{"embeddable":true,"href":"https:\/\/sof.edu.vn\/en\/wp-json\/wp\/v2\/pages\/136940"}],"wp:attachment":[{"href":"https:\/\/sof.edu.vn\/en\/wp-json\/wp\/v2\/media?parent=136948"}],"curies":[{"name":"wp","href":"https:\/\/api.w.org\/{rel}","templated":true}]}}