{"id":136952,"date":"2021-02-28T12:16:06","date_gmt":"2021-02-28T12:16:06","guid":{"rendered":"http:\/\/sof.edu.vn\/?page_id=136952"},"modified":"2021-02-28T18:27:45","modified_gmt":"2021-02-28T18:27:45","slug":"ban-lanh-dao-khoa","status":"publish","type":"page","link":"https:\/\/sof.edu.vn\/en\/nhan-su\/ban-lanh-dao-khoa\/","title":{"rendered":"Faculty leadership"},"content":{"rendered":"<div class=\"u_row\">\n        \t<div class=\"vc_row wpb_row vc_row-fluid\"><div class=\"wpb_column vc_column_container vc_col-sm-12\"><div class=\"vc_column-inner\"><div class=\"wpb_wrapper\">\n\t<div class=\"wpb_text_column wpb_content_element\" >\n\t\t<div class=\"wpb_wrapper\">\n\t\t\t<table border=\"0\" cellspacing=\"0\" cellpadding=\"0\" align=\"center\">\n<tbody>\n<tr>\n<td>\n<p><img decoding=\"async\" src=\"http:\/\/sof.edu.vn\/upload\/ckfinder\/images\/c%20Hong(1).jpg\" alt=\"\" \/><\/p>\n<p><strong>\u0110inh Th\u1ecb Thu H\u1ed3ng<\/strong><\/p>\n<p><em>Ti\u1ebfn s\u0129<\/em><\/p>\n<p><em>Tr\u01b0\u1edfng Khoa<\/em><\/p>\n<p>S\u0110T: 02835265830 &#8211; 0903361870<\/p>\n<p>Email:\u00a0\u00a0<a href=\"mailto:hongtcdn@ueh.edu.vn\">hongtcdn@ueh.edu.vn<\/a><\/p>\n<\/td>\n<td>\n<p><strong>Ph\u1ee5 tr\u00e1ch chung<\/strong>; ch\u1ec9 \u0111\u1ea1o v\u00e0 ch\u1ecbu tr\u00e1ch nhi\u1ec7m ch\u00ednh v\u1ec1 to\u00e0n b\u1ed9 ho\u1ea1t \u0111\u1ed9ng c\u1ee7a \u0111\u01a1n v\u1ecb.<\/p>\n<p><strong>Tr\u1ef1c ti\u1ebfp ph\u1ee5 tr\u00e1ch c\u00e1c m\u1ea3ng c\u00f4ng vi\u1ec7c<\/strong>:<\/p>\n<ul>\n<li>X\u00e2y d\u1ef1ng chi\u1ebfn l\u01b0\u1ee3c ph\u00e1t tri\u1ec3n Khoa;<\/li>\n<li>\u0110\u00e0o t\u1ea1o ch\u1ea5t l\u01b0\u1ee3ng cao;<\/li>\n<li>\u0110\u00e0o t\u1ea1o sau \u0111\u1ea1i h\u1ecdc;<\/li>\n<li>C\u00e1c c\u00f4ng vi\u1ec7c \u0111\u1ed1i n\u1ed9i v\u00e0 \u0111\u1ed1i ngo\u1ea1i c\u1ee7a Khoa;<\/li>\n<li>Ph\u1ee5 tr\u00e1ch chuy\u00ean m\u00f4n v\u00e0 qu\u1ea3n l\u00fd c\u00e1c b\u1ed9 m\u00f4n;<\/li>\n<li>Ch\u1ec9 \u0111\u1ea1o v\u00e0 \u0111\u1ecbnh h\u01b0\u1edbng NCKH c\u1ee7a gi\u1ea3ng vi\u00ean;<\/li>\n<li>C\u00f4ng t\u00e1c t\u00e0i ch\u00ednh v\u00e0 qu\u1ea3n l\u00fd t\u00e0i s\u1ea3n c\u1ee7a Khoa;<\/li>\n<li>C\u00f4ng t\u00e1c t\u1ed5 ch\u1ee9c, tuy\u1ec3n d\u1ee5ng v\u00e0 nh\u00e2n s\u1ef1 c\u1ee7a Khoa.<\/li>\n<\/ul>\n<\/td>\n<\/tr>\n<tr>\n<td>\n<p><img loading=\"lazy\" decoding=\"async\" class=\"\" src=\"http:\/\/sof.edu.vn\/upload\/ckfinder\/images\/thay%20Chi.jpg\" alt=\"\" width=\"311\" height=\"347\" \/><\/p>\n<p><strong>L\u00ea \u0110\u1ea1t Ch\u00ed<\/strong><\/p>\n<p><em>Ti\u1ebfn s\u0129<\/em><\/p>\n<p><em>Ph\u00f3 tr\u01b0\u1edfng Khoa<\/em><\/p>\n<p>S\u0110T: 02835265830 &#8211;\u00a00974131177<\/p>\n<p>Email: chitcdn@ueh.edu.vn<\/p>\n<\/td>\n<td>\n<p><strong>Ph\u1ee5 tr\u00e1ch c\u00e1c m\u1ea3ng c\u00f4ng vi\u1ec7c<\/strong>:<\/p>\n<ul>\n<li>\u0110i\u1ec1u ph\u1ed1i c\u00e1c ch\u01b0\u01a1ng tr\u00ecnh \u0111\u00e0o t\u1ea1o c\u1ee7a khoa<\/li>\n<li>\u0110\u00e0o t\u1ea1o c\u00e1c h\u1ec7 \u0111\u1ea1i h\u1ecdc ch\u00ednh quy v\u00e0 TX<\/li>\n<li>Ph\u1ee5 tr\u00e1ch ch\u01b0\u01a1ng tr\u00ecnh li\u00ean k\u1ebft Rennes I<\/li>\n<li>Nghi\u00ean c\u1ee9u khoa h\u1ecdc c\u1ee7a sinh vi\u00ean<\/li>\n<li>Qu\u1ea3n l\u00fd c\u00e1c CLB h\u1ecdc thu\u1eadt, ho\u1ea1t \u0111\u1ed9ng phong tr\u00e0o cu\u0309a sinh vi\u00ean v\u00e0 c\u00e1c cu\u1ed9c thi h\u1ecdc thu\u1eadt<\/li>\n<li>C\u00e1c c\u00f4ng vi\u1ec7c kh\u00e1c do Tr\u01b0\u1edfng Khoa giao\/\u1ee7y quy\u1ec1n.<\/li>\n<\/ul>\n<p><strong>C\u00f4ng t\u00e1c kh\u00e1c:<\/strong><\/p>\n<ul>\n<li>H\u1ed7 tr\u1ee3 Tr\u01b0\u1edfng khoa x\u00e2y d\u1ef1ng v\u00e0 ph\u00e1t tri\u1ec3n c\u00e1c ch\u01b0\u01a1ng tr\u00ecnh \u0111\u00e0o t\u1ea1o<\/li>\n<li>H\u1ed7 tr\u1ee3 Tr\u01b0\u1edfng Khoa trong c\u00e1c ho\u1ea1t \u0111\u1ed9ng \u0111\u1ed1i ngo\u1ea1i v\u00e0 x\u00e2y d\u1ef1ng chi\u1ebfn l\u01b0\u1ee3c ph\u00e1t tri\u1ec3n Khoa.<\/li>\n<\/ul>\n<\/td>\n<\/tr>\n<tr>\n<td>\n<p><img loading=\"lazy\" decoding=\"async\" class=\"\" src=\"http:\/\/sof.edu.vn\/upload\/ckfinder\/images\/C%20L%C3%BD.png\" alt=\"\" width=\"318\" height=\"318\" \/><\/p>\n<p>&nbsp;<\/p>\n<p><strong>Tr\u1ea7n Th\u1ecb H\u1ea3i L\u00fd<\/strong><\/p>\n<p><em>Ph\u00f3 gi\u00e1o s\u01b0 &#8211; Ti\u1ebfn s\u0129<\/em><\/p>\n<p><em>Ph\u00f3 tr\u01b0\u1edfng Khoa<\/em><\/p>\n<p>S\u0110T: 02835265830\u00a0&#8211;\u00a00918738554<\/p>\n<p>Email:\u00a0<a href=\"mailto:hailyth@ueh.edu.vn\">hailyth@ueh.edu.vn<\/a><\/p>\n<\/td>\n<td>\n<p><strong>Ph\u1ee5 tr\u00e1ch c\u00e1c m\u1ea3ng c\u00f4ng vi\u1ec7c<\/strong>:<\/p>\n<ul>\n<li>Ph\u1ee5 tr\u00e1ch ch\u01b0\u01a1ng tr\u00ecnh li\u00ean k\u1ebft Aberdeen<\/li>\n<li>Ph\u1ee5 tr\u00e1ch NCKH v\u00e0 h\u1ee3p t\u00e1c trao \u0111\u1ed5i sinh vi\u00ean qu\u1ed1c t\u1ebf<\/li>\n<li>Ph\u1ee5 tr\u00e1ch Ban li\u00ean l\u1ea1c c\u1ef1u sinh vi\u00ean c\u1ee7a Khoa<\/li>\n<li>C\u00e1c ho\u1ea1t \u0111\u1ed9ng phong tr\u00e0o c\u1ee7a GV \u2013 CBCC Khoa<\/li>\n<li>C\u00e1c c\u00f4ng vi\u1ec7c kh\u00e1c do Tr\u01b0\u1edfng Khoa giao\/\u1ee7y quy\u1ec1n.<\/li>\n<\/ul>\n<p><strong>C\u00f4ng t\u00e1c kh\u00e1c:<\/strong><\/p>\n<ul>\n<li>H\u1ed7 tr\u1ee3 Tr\u01b0\u1edfng khoa x\u00e2y d\u1ef1ng v\u00e0 ph\u00e1t tri\u1ec3n c\u00e1c ch\u01b0\u01a1ng tr\u00ecnh \u0111\u00e0o t\u1ea1o<\/li>\n<li>H\u1ed7 tr\u1ee3 Tr\u01b0\u1edfng Khoa trong c\u00e1c ho\u1ea1t \u0111\u1ed9ng \u0111\u1ed1i ngo\u1ea1i v\u00e0 x\u00e2y d\u1ef1ng chi\u1ebfn l\u01b0\u1ee3c ph\u00e1t tri\u1ec3n Khoa<\/li>\n<li>H\u1ed7 tr\u1ee3 Tr\u01b0\u1edfng Khoa trong c\u00f4ng t\u00e1c t\u1ed5 ch\u1ee9c, tuy\u1ec3n d\u1ee5ng v\u00e0 nh\u00e2n s\u1ef1 c\u1ee7a Khoa.<\/li>\n<\/ul>\n<\/td>\n<\/tr>\n<\/tbody>\n<\/table>\n\n\t\t<\/div>\n\t<\/div>\n<\/div><\/div><\/div><\/div>    \t\t\t<\/div><!--\/u_row-->","protected":false},"excerpt":{"rendered":"\u0110inh Th\u1ecb Thu H\u1ed3ng Ti\u1ebfn s\u0129 Tr\u01b0\u1edfng Khoa S\u0110T: 02835265830 - 0903361870 Email:\u00a0\u00a0hongtcdn@ueh.edu.vn Ph\u1ee5 tr\u00e1ch chung; ch\u1ec9 \u0111\u1ea1o v\u00e0 ch\u1ecbu tr\u00e1ch nhi\u1ec7m ch\u00ednh v\u1ec1 to\u00e0n b\u1ed9 ho\u1ea1t \u0111\u1ed9ng c\u1ee7a \u0111\u01a1n v\u1ecb. Tr\u1ef1c ti\u1ebfp ph\u1ee5 tr\u00e1ch c\u00e1c m\u1ea3ng c\u00f4ng vi\u1ec7c: X\u00e2y d\u1ef1ng chi\u1ebfn l\u01b0\u1ee3c ph\u00e1t tri\u1ec3n Khoa; \u0110\u00e0o t\u1ea1o ch\u1ea5t l\u01b0\u1ee3ng cao; \u0110\u00e0o t\u1ea1o sau \u0111\u1ea1i [...]","protected":false},"author":1,"featured_media":0,"parent":136950,"menu_order":0,"comment_status":"closed","ping_status":"closed","template":"","meta":{"_coblocks_attr":"","_coblocks_dimensions":"","_coblocks_responsive_height":"","_coblocks_accordion_ie_support":"","footnotes":""},"class_list":["post-136952","page","type-page","status-publish","hentry"],"_links":{"self":[{"href":"https:\/\/sof.edu.vn\/en\/wp-json\/wp\/v2\/pages\/136952","targetHints":{"allow":["GET"]}}],"collection":[{"href":"https:\/\/sof.edu.vn\/en\/wp-json\/wp\/v2\/pages"}],"about":[{"href":"https:\/\/sof.edu.vn\/en\/wp-json\/wp\/v2\/types\/page"}],"author":[{"embeddable":true,"href":"https:\/\/sof.edu.vn\/en\/wp-json\/wp\/v2\/users\/1"}],"replies":[{"embeddable":true,"href":"https:\/\/sof.edu.vn\/en\/wp-json\/wp\/v2\/comments?post=136952"}],"version-history":[{"count":3,"href":"https:\/\/sof.edu.vn\/en\/wp-json\/wp\/v2\/pages\/136952\/revisions"}],"predecessor-version":[{"id":137368,"href":"https:\/\/sof.edu.vn\/en\/wp-json\/wp\/v2\/pages\/136952\/revisions\/137368"}],"up":[{"embeddable":true,"href":"https:\/\/sof.edu.vn\/en\/wp-json\/wp\/v2\/pages\/136950"}],"wp:attachment":[{"href":"https:\/\/sof.edu.vn\/en\/wp-json\/wp\/v2\/media?parent=136952"}],"curies":[{"name":"wp","href":"https:\/\/api.w.org\/{rel}","templated":true}]}}