{"id":136956,"date":"2021-02-28T12:17:12","date_gmt":"2021-02-28T12:17:12","guid":{"rendered":"http:\/\/sof.edu.vn\/?page_id=136956"},"modified":"2021-03-01T00:47:01","modified_gmt":"2021-03-01T00:47:01","slug":"giang-vien","status":"publish","type":"page","link":"https:\/\/sof.edu.vn\/en\/nhan-su\/giang-vien\/","title":{"rendered":"List of faculty"},"content":{"rendered":"<p><strong>\u00a0<\/strong><\/p>\n<p><strong>Ban ch\u1ee7 nhi\u1ec7m Khoa<\/strong><\/p>\n<p><strong>\u00a0<\/strong><\/p>\n<table width=\"742\">\n<tbody>\n<tr>\n<td><\/td>\n<td>\u0110inh Th\u1ecb Thu H\u1ed3ng<\/td>\n<td>Tr\u01b0\u1edfng khoa<\/td>\n<td>Ti\u1ebfn s\u0129<\/td>\n<td>&nbsp;<\/td>\n<\/tr>\n<tr>\n<td><\/td>\n<td>L\u00ea \u0110\u1ea1t Ch\u00ed<\/td>\n<td>Ph\u00f3 tr\u01b0\u1edfng khoa<\/td>\n<td>Ti\u1ebfn s\u0129<\/td>\n<td>&nbsp;<\/td>\n<\/tr>\n<tr>\n<td><\/td>\n<td>Tr\u1ea7n Th\u1ecb H\u1ea3i L\u00fd<\/td>\n<td>Ph\u00f3 tr\u01b0\u1edfng khoa<\/td>\n<td>PGS-Ti\u1ebfn s\u0129<\/td>\n<td>&nbsp;<\/td>\n<\/tr>\n<\/tbody>\n<\/table>\n<p><strong>\u00a0<\/strong><\/p>\n<p><strong>Gi\u00e1o s\u01b0, Ph\u00f3 Gi\u00e1o s\u01b0<\/strong><\/p>\n<p><strong>\u00a0<\/strong><\/p>\n<table width=\"751\">\n<tbody>\n<tr>\n<td><\/td>\n<td>Tr\u1ea7n Ng\u1ecdc Th\u01a1<\/td>\n<td>Gi\u1ea3ng vi\u00ean<\/td>\n<td>GS-Ti\u1ebfn s\u0129<\/td>\n<td>&nbsp;<\/td>\n<\/tr>\n<tr>\n<td><\/td>\n<td>Nguy\u1ec5n Th\u1ecb Li\u00ean Hoa<\/td>\n<td>Ph\u00f3 b\u1ed9 m\u00f4n<\/td>\n<td>PGS-Ti\u1ebfn s\u0129<\/td>\n<td>&nbsp;<\/td>\n<\/tr>\n<tr>\n<td><\/td>\n<td>L\u00ea Th\u1ecb Lanh<\/td>\n<td>Gi\u1ea3ng vi\u00ean<\/td>\n<td>PGS-Ti\u1ebfn s\u0129<\/td>\n<td>&nbsp;<\/td>\n<\/tr>\n<tr>\n<td><\/td>\n<td>Nguy\u1ec5n Kh\u1eafc Qu\u1ed1c B\u1ea3o<\/td>\n<td>Gi\u1ea3ng vi\u00ean<\/td>\n<td>PGS-Ti\u1ebfn s\u0129<\/td>\n<td>&nbsp;<\/td>\n<\/tr>\n<tr>\n<td><\/td>\n<td>Tr\u1ea7n Th\u1ecb Th\u00f9y Linh<\/td>\n<td>Gi\u1ea3ng vi\u00ean<\/td>\n<td>PGS-Ti\u1ebfn s\u0129<\/td>\n<td>&nbsp;<\/td>\n<\/tr>\n<tr>\n<td><\/td>\n<td>Tr\u1ea7n Th\u1ecb H\u1ea3i L\u00fd<\/td>\n<td>Tr\u01b0\u1edfng b\u1ed9 m\u00f4n<\/td>\n<td>PGS-Ti\u1ebfn s\u0129<\/td>\n<td>&nbsp;<\/td>\n<\/tr>\n<tr>\n<td><\/td>\n<td>Nguy\u1ec5n Th\u1ecb Ng\u1ecdc Trang<\/td>\n<td>Tr\u01b0\u1edfng b\u1ed9 m\u00f4n<\/td>\n<td>PGS-Ti\u1ebfn s\u0129<\/td>\n<td>&nbsp;<\/td>\n<\/tr>\n<\/tbody>\n<\/table>\n<p><strong>\u00a0<\/strong><\/p>\n<p><strong>Gi\u1ea3ng vi\u00ean<\/strong><\/p>\n<table width=\"677\">\n<tbody>\n<tr>\n<td><\/td>\n<td>Ph\u00f9ng \u0110\u1ee9c Nam<\/td>\n<td>Ph\u00f3 b\u1ed9 m\u00f4n<\/td>\n<td>Ti\u1ebfn s\u0129<\/td>\n<td>&nbsp;<\/td>\n<\/tr>\n<tr>\n<td><\/td>\n<td>Ho\u00e0ng Th\u1ecb Ph\u01b0\u01a1ng Anh<\/td>\n<td>Gi\u1ea3ng vi\u00ean<\/td>\n<td>Th\u1ea1c s\u0129<\/td>\n<td>&nbsp;<\/td>\n<\/tr>\n<tr>\n<td><\/td>\n<td>Tr\u1ea7n Nguy\u00ean \u0110\u00e1n<\/td>\n<td>Gi\u1ea3ng vi\u00ean<\/td>\n<td>Th\u1ea1c s\u0129<\/td>\n<td>&nbsp;<\/td>\n<\/tr>\n<tr>\n<td><\/td>\n<td>Nguy\u1ec5n Tri\u1ec1u \u0110\u00f4ng<\/td>\n<td>Gi\u1ea3ng vi\u00ean<\/td>\n<td>Th\u1ea1c s\u0129<\/td>\n<td>&nbsp;<\/td>\n<\/tr>\n<tr>\n<td><\/td>\n<td>Tr\u1ea7n Thu Giang<\/td>\n<td>Gi\u1ea3ng vi\u00ean<\/td>\n<td>Th\u1ea1c s\u0129<\/td>\n<td>&nbsp;<\/td>\n<\/tr>\n<tr>\n<td><\/td>\n<td>Hu\u1ef3nh Th\u1ecb C\u1ea9m H\u00e0<\/td>\n<td>Gi\u1ea3ng vi\u00ean<\/td>\n<td>Th\u1ea1c s\u0129<\/td>\n<td>&nbsp;<\/td>\n<\/tr>\n<tr>\n<td><\/td>\n<td>Nguy\u1ec5n T\u1ea5n Ho\u00e0ng<\/td>\n<td>Gi\u1ea3ng vi\u00ean<\/td>\n<td>Ti\u1ebfn s\u0129<\/td>\n<td>&nbsp;<\/td>\n<\/tr>\n<tr>\n<td><\/td>\n<td>Nguy\u1ec5n Ti\u1ebfn H\u00f9ng<\/td>\n<td>Ph\u00f3 b\u1ed9 m\u00f4n<\/td>\n<td>Th\u1ea1c s\u0129<\/td>\n<td>&nbsp;<\/td>\n<\/tr>\n<tr>\n<td><\/td>\n<td>D\u01b0\u01a1ng Kha<\/td>\n<td>Ph\u00f3 b\u1ed9 m\u00f4n<\/td>\n<td>Th\u1ea1c s\u0129<\/td>\n<td>&nbsp;<\/td>\n<\/tr>\n<tr>\n<td><\/td>\n<td>L\u00ea Th\u1ecb H\u1ed3ng Minh<\/td>\n<td>Gi\u1ea3ng vi\u00ean<\/td>\n<td>Th\u1ea1c s\u0129<\/td>\n<td>&nbsp;<\/td>\n<\/tr>\n<tr>\n<td><\/td>\n<td>Qu\u00e1ch Doanh Nghi\u1ec7p<\/td>\n<td>Gi\u1ea3ng vi\u00ean<\/td>\n<td>Th\u1ea1c s\u0129<\/td>\n<td>&nbsp;<\/td>\n<\/tr>\n<tr>\n<td><\/td>\n<td>V\u0169 Vi\u1ec7t Qu\u1ea3ng<\/td>\n<td>Tr\u01b0\u1edfng b\u1ed9 m\u00f4n<\/td>\n<td>Ti\u1ebfn s\u0129<\/td>\n<td>&nbsp;<\/td>\n<\/tr>\n<tr>\n<td><\/td>\n<td>Tr\u01b0\u01a1ng Trung T\u00e0i<\/td>\n<td>Gi\u1ea3ng vi\u00ean<\/td>\n<td>Th\u1ea1c s\u0129<\/td>\n<td>&nbsp;<\/td>\n<\/tr>\n<tr>\n<td><\/td>\n<td>L\u00ea V\u0103n T\u00e1m<\/td>\n<td>Gi\u1ea3ng vi\u00ean<\/td>\n<td>Th\u1ea1c s\u0129<\/td>\n<td>&nbsp;<\/td>\n<\/tr>\n<tr>\n<td><\/td>\n<td>L\u01b0\u01a1ng Th\u1ecb Th\u1ea3o<\/td>\n<td>Gi\u1ea3ng vi\u00ean<\/td>\n<td>Th\u1ea1c s\u0129<\/td>\n<td>&nbsp;<\/td>\n<\/tr>\n<tr>\n<td><\/td>\n<td>Ho\u00e0ng Th\u1ecb Ph\u01b0\u01a1ng Th\u1ea3o<\/td>\n<td>Gi\u1ea3ng vi\u00ean<\/td>\n<td>Th\u1ea1c s\u0129<\/td>\n<td>&nbsp;<\/td>\n<\/tr>\n<tr>\n<td><\/td>\n<td>Ph\u1ea1m D\u01b0\u01a1ng Ph\u01b0\u01a1ng Th\u1ea3o<\/td>\n<td>Gi\u1ea3ng vi\u00ean<\/td>\n<td>Th\u1ea1c s\u0129<\/td>\n<td>&nbsp;<\/td>\n<\/tr>\n<tr>\n<td><\/td>\n<td>T\u1eeb Th\u1ecb Kim Thoa<\/td>\n<td>Gi\u1ea3ng vi\u00ean<\/td>\n<td>Th\u1ea1c s\u0129<\/td>\n<td>&nbsp;<\/td>\n<\/tr>\n<tr>\n<td><\/td>\n<td>Nguy\u1ec5n Ho\u00e0ng Th\u1ee5y B\u00edch Tr\u00e2m<\/td>\n<td>Gi\u1ea3ng vi\u00ean<\/td>\n<td>Th\u1ea1c s\u0129<\/td>\n<td>&nbsp;<\/td>\n<\/tr>\n<tr>\n<td><\/td>\n<td>Nguy\u1ec5n Th\u1ecb Uy\u00ean Uy\u00ean<\/td>\n<td>Tr\u01b0\u1edfng b\u1ed9 m\u00f4n<\/td>\n<td>Ti\u1ebfn s\u0129<\/td>\n<td>&nbsp;<\/td>\n<\/tr>\n<tr>\n<td><\/td>\n<td>L\u00ea Th\u1ecb Ph\u01b0\u01a1ng Vy<\/td>\n<td>Ph\u00f3 b\u1ed9 m\u00f4n<\/td>\n<td>Ti\u1ebfn s\u0129<\/td>\n<td>&nbsp;<\/td>\n<\/tr>\n<tr>\n<td><\/td>\n<td>Nguy\u1ec5n L\u00ea Ng\u00e2n Trang<\/td>\n<td>Gi\u1ea3ng vi\u00ean<\/td>\n<td>Th\u1ea1c s\u0129<\/td>\n<td>&nbsp;<\/td>\n<\/tr>\n<tr>\n<td><\/td>\n<td>V\u00f5 \u0110\u00ecnh Tr\u00ed<\/td>\n<td>Gi\u1ea3ng vi\u00ean<\/td>\n<td>Ti\u1ebfn s\u0129<\/td>\n<td>&nbsp;<\/td>\n<\/tr>\n<tr>\n<td><\/td>\n<td>L\u00ea Ho\u00e0ng Y\u1ebfn<\/td>\n<td>Gi\u1ea3ng vi\u00ean<\/td>\n<td>Th\u1ea1c s\u0129<\/td>\n<td>&nbsp;<\/td>\n<\/tr>\n<\/tbody>\n<\/table>\n<p>&nbsp;<\/p>","protected":false},"excerpt":{"rendered":"<p>\u00a0 Ban ch\u1ee7 nhi\u1ec7m Khoa \u00a0 \u0110inh Th\u1ecb Thu H\u1ed3ng Tr\u01b0\u1edfng khoa Ti\u1ebfn s\u0129 &nbsp; L\u00ea \u0110\u1ea1t Ch\u00ed Ph\u00f3 tr\u01b0\u1edfng khoa Ti\u1ebfn s\u0129 &nbsp; Tr\u1ea7n Th\u1ecb H\u1ea3i L\u00fd Ph\u00f3 tr\u01b0\u1edfng khoa PGS-Ti\u1ebfn s\u0129 &nbsp; \u00a0 Gi\u00e1o s\u01b0, Ph\u00f3 Gi\u00e1o s\u01b0 \u00a0 Tr\u1ea7n Ng\u1ecdc Th\u01a1 Gi\u1ea3ng vi\u00ean GS-Ti\u1ebfn s\u0129 &nbsp; Nguy\u1ec5n Th\u1ecb Li\u00ean Hoa Ph\u00f3 b\u1ed9 [&hellip;]<\/p>","protected":false},"author":1,"featured_media":0,"parent":136950,"menu_order":0,"comment_status":"closed","ping_status":"closed","template":"","meta":{"_coblocks_attr":"","_coblocks_dimensions":"","_coblocks_responsive_height":"","_coblocks_accordion_ie_support":"","footnotes":""},"class_list":["post-136956","page","type-page","status-publish","hentry"],"_links":{"self":[{"href":"https:\/\/sof.edu.vn\/en\/wp-json\/wp\/v2\/pages\/136956","targetHints":{"allow":["GET"]}}],"collection":[{"href":"https:\/\/sof.edu.vn\/en\/wp-json\/wp\/v2\/pages"}],"about":[{"href":"https:\/\/sof.edu.vn\/en\/wp-json\/wp\/v2\/types\/page"}],"author":[{"embeddable":true,"href":"https:\/\/sof.edu.vn\/en\/wp-json\/wp\/v2\/users\/1"}],"replies":[{"embeddable":true,"href":"https:\/\/sof.edu.vn\/en\/wp-json\/wp\/v2\/comments?post=136956"}],"version-history":[{"count":4,"href":"https:\/\/sof.edu.vn\/en\/wp-json\/wp\/v2\/pages\/136956\/revisions"}],"predecessor-version":[{"id":137001,"href":"https:\/\/sof.edu.vn\/en\/wp-json\/wp\/v2\/pages\/136956\/revisions\/137001"}],"up":[{"embeddable":true,"href":"https:\/\/sof.edu.vn\/en\/wp-json\/wp\/v2\/pages\/136950"}],"wp:attachment":[{"href":"https:\/\/sof.edu.vn\/en\/wp-json\/wp\/v2\/media?parent=136956"}],"curies":[{"name":"wp","href":"https:\/\/api.w.org\/{rel}","templated":true}]}}