{"id":136971,"date":"2021-02-28T15:16:53","date_gmt":"2021-02-28T15:16:53","guid":{"rendered":"http:\/\/sof.edu.vn\/?page_id=136971"},"modified":"2021-03-01T02:13:20","modified_gmt":"2021-03-01T02:13:20","slug":"hoi-thao-khoa-hoc","status":"publish","type":"page","link":"https:\/\/sof.edu.vn\/en\/su-kien-sof\/hoi-thao-khoa-hoc\/","title":{"rendered":"Scientific conference"},"content":{"rendered":"<div class=\"u_row\">\n        \t<div class=\"vc_row wpb_row vc_row-fluid\"><div class=\"wpb_column vc_column_container vc_col-sm-12\"><div class=\"vc_column-inner\"><div class=\"wpb_wrapper\">        <div class=\"event-listing un-grid-listing un-post-grid un-post-grid-5127\" data-delay=\"0\">\r\n            <div class=\"grid-listing-wrap\">\r\n                <div class=\"grid-listing\">\r\n                \t                    <div class=\"grid-item grid-header\">\r\n                        <div class=\"grid-item-inner main-color-1-bg dark-div\"  >\r\n                            <div class=\"grid-item-content event-item\">\r\n                                <h1>Scientific conference<\/h1>                                                                                            <\/div>\r\n                        <\/div>\r\n                    <\/div>\r\n                                                                <div class=\"grid-item grid-post-id-139430\">\r\n                            <div class=\"grid-item-inner\">\r\n                                <div class=\"grid-item-content event-item dark-div\">\r\n                                    <div class=\"event-thumbnail\">\r\n                                        <a href=\"https:\/\/sof.edu.vn\/en\/seminar-early-warning-system-for-currency-crises-using-long-short-term-memory-and-gated-recurrent-unit-neural-networks\/\" title=\"H\u1ed9i th\u1ea3o &#8220;Early warning system for currency crises using long short-term memory and gated recurrent unit neural networks&#8221;\"  >\r\n                                                                                        <img loading=\"lazy\" decoding=\"async\" src=\"https:\/\/sof.edu.vn\/wp-content\/uploads\/2025\/03\/Seminar_web-554x674.jpg\" width=\"554\" height=\"674\" title=\"H\u1ed9i th\u1ea3o &#8220;Early warning system for currency crises using long short-term memory and gated recurrent unit neural networks&#8221;\" alt=\"H\u1ed9i th\u1ea3o &#8220;Early warning system for currency crises using long short-term memory and gated recurrent unit neural networks&#8221;\">\r\n                                        <\/a>\r\n                                    <\/div>\r\n                                                                            <div class=\"date-block\">\r\n                                        \t                                                                                        <div class=\"month\">Mar<\/div>\r\n                                            <div class=\"day\">11<\/div>                                        <\/div>\r\n                                                                        <div class=\"event-overlay\">\r\n                                        <a class=\"overlay-top\" href=\"https:\/\/sof.edu.vn\/en\/seminar-early-warning-system-for-currency-crises-using-long-short-term-memory-and-gated-recurrent-unit-neural-networks\/\" title=\"H\u1ed9i th\u1ea3o &#8220;Early warning system for currency crises using long short-term memory and gated recurrent unit neural networks&#8221;\">\r\n                                            <h4>H\u1ed9i th\u1ea3o &#8220;Early warning system for currency crises using long short-term memory and gated recurrent unit neural networks&#8221;<\/h4>\r\n                                                                                    <\/a>\r\n                                        <div class=\"overlay-bottom\">\r\n                                        \t\t\t\t\t\t\t\t\t\t\t\t\t                                                    \t<div>At 10:11 pm<\/div>\r\n                                                                                                                                                                                                    <div>By admin<\/div>\r\n                                                                                                                                        \r\n\t\t\t\t\t\t\t\t\t\t\t                                            \r\n                                        <\/div>\r\n                                    <\/div>\r\n                                <\/div><!--\/event-item-->\r\n                            <\/div>\r\n                                                    <\/div><!--\/grid-item-->\r\n                                                <div class=\"grid-item grid-post-id-139291\">\r\n                            <div class=\"grid-item-inner\">\r\n                                <div class=\"grid-item-content event-item dark-div\">\r\n                                    <div class=\"event-thumbnail\">\r\n                                        <a href=\"https:\/\/sof.edu.vn\/en\/toa-dam-khoa-hoc-the-road-leads-to-top-ranked-finance-journals-14h00-02-08-2024-b1-205\/\" title=\"T\u1ecda \u0111\u00e0m khoa h\u1ecdc \u201cThe road leads to top-ranked finance journals\u201d | 14h00 | 02.08.2024| B1.205\"  >\r\n                                                                                        <img loading=\"lazy\" decoding=\"async\" src=\"https:\/\/sof.edu.vn\/wp-content\/uploads\/2024\/07\/6.-1080-x-1080-px-554x674.png\" width=\"554\" height=\"674\" title=\"T\u1ecda \u0111\u00e0m khoa h\u1ecdc \u201cThe road leads to top-ranked finance journals\u201d | 14h00 | 02.08.2024| B1.205\" alt=\"T\u1ecda \u0111\u00e0m khoa h\u1ecdc \u201cThe road leads to top-ranked finance journals\u201d | 14h00 | 02.08.2024| B1.205\">\r\n                                        <\/a>\r\n                                    <\/div>\r\n                                                                            <div class=\"date-block\">\r\n                                        \t                                                                                        <div class=\"month\">Jul<\/div>\r\n                                            <div class=\"day\">29<\/div>                                        <\/div>\r\n                                                                        <div class=\"event-overlay\">\r\n                                        <a class=\"overlay-top\" href=\"https:\/\/sof.edu.vn\/en\/toa-dam-khoa-hoc-the-road-leads-to-top-ranked-finance-journals-14h00-02-08-2024-b1-205\/\" title=\"T\u1ecda \u0111\u00e0m khoa h\u1ecdc \u201cThe road leads to top-ranked finance journals\u201d | 14h00 | 02.08.2024| B1.205\">\r\n                                            <h4>T\u1ecda \u0111\u00e0m khoa h\u1ecdc \u201cThe road leads to top-ranked finance journals\u201d | 14h00 | 02.08.2024| B1.205<\/h4>\r\n                                                                                    <\/a>\r\n                                        <div class=\"overlay-bottom\">\r\n                                        \t\t\t\t\t\t\t\t\t\t\t\t\t                                                    \t<div>At 3:06 am<\/div>\r\n                                                                                                                                                                                                    <div>By T\u00f4 C\u00f4ng Nguy\u00ean B\u1ea3o<\/div>\r\n                                                                                                                                        \r\n\t\t\t\t\t\t\t\t\t\t\t                                            \r\n                                        <\/div>\r\n                                    <\/div>\r\n                                <\/div><!--\/event-item-->\r\n                            <\/div>\r\n                                                    <\/div><!--\/grid-item-->\r\n                                                <div class=\"grid-item grid-post-id-139237\">\r\n                            <div class=\"grid-item-inner\">\r\n                                <div class=\"grid-item-content event-item dark-div\">\r\n                                    <div class=\"event-thumbnail\">\r\n                                        <a href=\"https:\/\/sof.edu.vn\/en\/workshop-charting-the-path-from-research-quality-to-publication-success\/\" title=\"Workshop &#8220;Charting the Path: From Research Quality to Publication Success&#8221;\"  >\r\n                                                                                        <img loading=\"lazy\" decoding=\"async\" src=\"https:\/\/sof.edu.vn\/wp-content\/uploads\/2024\/06\/Banner_web_mdf-1-554x674.png\" width=\"554\" height=\"674\" title=\"Workshop &#8220;Charting the Path: From Research Quality to Publication Success&#8221;\" alt=\"Workshop &#8220;Charting the Path: From Research Quality to Publication Success&#8221;\">\r\n                                        <\/a>\r\n                                    <\/div>\r\n                                                                            <div class=\"date-block\">\r\n                                        \t                                                                                        <div class=\"month\">Jun<\/div>\r\n                                            <div class=\"day\">28<\/div>                                        <\/div>\r\n                                                                        <div class=\"event-overlay\">\r\n                                        <a class=\"overlay-top\" href=\"https:\/\/sof.edu.vn\/en\/workshop-charting-the-path-from-research-quality-to-publication-success\/\" title=\"Workshop &#8220;Charting the Path: From Research Quality to Publication Success&#8221;\">\r\n                                            <h4>Workshop &#8220;Charting the Path: From Research Quality to Publication Success&#8221;<\/h4>\r\n                                                                                    <\/a>\r\n                                        <div class=\"overlay-bottom\">\r\n                                        \t\t\t\t\t\t\t\t\t\t\t\t\t                                                    \t<div>At 8:02 am<\/div>\r\n                                                                                                                                                                                                    <div>By Tr\u1ea7n Ho\u00e0i Nam<\/div>\r\n                                                                                                                                        \r\n\t\t\t\t\t\t\t\t\t\t\t                                            \r\n                                        <\/div>\r\n                                    <\/div>\r\n                                <\/div><!--\/event-item-->\r\n                            <\/div>\r\n                                                    <\/div><!--\/grid-item-->\r\n                                                <div class=\"grid-item grid-post-id-139229\">\r\n                            <div class=\"grid-item-inner\">\r\n                                <div class=\"grid-item-content event-item dark-div\">\r\n                                    <div class=\"event-thumbnail\">\r\n                                        <a href=\"https:\/\/sof.edu.vn\/en\/workshop-cung-san-pham-phai-sinh-khai-mo-tiem-nang-tren-thi-truong-tai-chinh\/\" title=\"Workshop \u201cC\u00f9ng S\u1ea3n ph\u1ea9m Ph\u00e1i sinh &#8211; Khai m\u1edf ti\u1ec1m n\u0103ng tr\u00ean th\u1ecb tr\u01b0\u1eddng T\u00e0i ch\u00ednh\u201d\"  >\r\n                                                                                        <img loading=\"lazy\" decoding=\"async\" src=\"https:\/\/sof.edu.vn\/wp-content\/uploads\/2024\/05\/z5416908263923_d990c0727aebdbe31834d9c2110cb78d-554x674.jpg\" width=\"554\" height=\"674\" title=\"Workshop \u201cC\u00f9ng S\u1ea3n ph\u1ea9m Ph\u00e1i sinh &#8211; Khai m\u1edf ti\u1ec1m n\u0103ng tr\u00ean th\u1ecb tr\u01b0\u1eddng T\u00e0i ch\u00ednh\u201d\" alt=\"Workshop \u201cC\u00f9ng S\u1ea3n ph\u1ea9m Ph\u00e1i sinh &#8211; Khai m\u1edf ti\u1ec1m n\u0103ng tr\u00ean th\u1ecb tr\u01b0\u1eddng T\u00e0i ch\u00ednh\u201d\">\r\n                                        <\/a>\r\n                                    <\/div>\r\n                                                                            <div class=\"date-block\">\r\n                                        \t                                                                                        <div class=\"month\">May<\/div>\r\n                                            <div class=\"day\">07<\/div>                                        <\/div>\r\n                                                                        <div class=\"event-overlay\">\r\n                                        <a class=\"overlay-top\" href=\"https:\/\/sof.edu.vn\/en\/workshop-cung-san-pham-phai-sinh-khai-mo-tiem-nang-tren-thi-truong-tai-chinh\/\" title=\"Workshop \u201cC\u00f9ng S\u1ea3n ph\u1ea9m Ph\u00e1i sinh &#8211; Khai m\u1edf ti\u1ec1m n\u0103ng tr\u00ean th\u1ecb tr\u01b0\u1eddng T\u00e0i ch\u00ednh\u201d\">\r\n                                            <h4>Workshop \u201cC\u00f9ng S\u1ea3n ph\u1ea9m Ph\u00e1i sinh &#8211; Khai m\u1edf ti\u1ec1m n\u0103ng tr\u00ean th\u1ecb tr\u01b0\u1eddng T\u00e0i ch\u00ednh\u201d<\/h4>\r\n                                                                                    <\/a>\r\n                                        <div class=\"overlay-bottom\">\r\n                                        \t\t\t\t\t\t\t\t\t\t\t\t\t                                                    \t<div>At 8:30 am<\/div>\r\n                                                                                                                                                                                                    <div>By admin<\/div>\r\n                                                                                                                                        \r\n\t\t\t\t\t\t\t\t\t\t\t                                            \r\n                                        <\/div>\r\n                                    <\/div>\r\n                                <\/div><!--\/event-item-->\r\n                            <\/div>\r\n                                                    <\/div><!--\/grid-item-->\r\n                                                <div class=\"grid-item grid-post-id-139216\">\r\n                            <div class=\"grid-item-inner\">\r\n                                <div class=\"grid-item-content event-item dark-div\">\r\n                                    <div class=\"event-thumbnail\">\r\n                                        <a href=\"https:\/\/sof.edu.vn\/en\/workshop-thuc-trang-hoat-dong-chuyen-gia-tai-viet-nam-2\/\" title=\"Workshop \u201cTh\u1ef1c tr\u1ea1ng ho\u1ea1t \u0111\u1ed9ng chuy\u1ec3n gi\u00e1 t\u1ea1i Vi\u1ec7t Nam\u201d\"  >\r\n                                                                                        <img loading=\"lazy\" decoding=\"async\" src=\"https:\/\/sof.edu.vn\/wp-content\/uploads\/2024\/05\/ws-thuc-trang-hoat-dong-chuyen-gia-tai-vn-42024_9-554x599.jpeg\" width=\"554\" height=\"599\" title=\"Workshop \u201cTh\u1ef1c tr\u1ea1ng ho\u1ea1t \u0111\u1ed9ng chuy\u1ec3n gi\u00e1 t\u1ea1i Vi\u1ec7t Nam\u201d\" alt=\"Workshop \u201cTh\u1ef1c tr\u1ea1ng ho\u1ea1t \u0111\u1ed9ng chuy\u1ec3n gi\u00e1 t\u1ea1i Vi\u1ec7t Nam\u201d\">\r\n                                        <\/a>\r\n                                    <\/div>\r\n                                                                            <div class=\"date-block\">\r\n                                        \t                                                                                        <div class=\"month\">May<\/div>\r\n                                            <div class=\"day\">02<\/div>                                        <\/div>\r\n                                                                        <div class=\"event-overlay\">\r\n                                        <a class=\"overlay-top\" href=\"https:\/\/sof.edu.vn\/en\/workshop-thuc-trang-hoat-dong-chuyen-gia-tai-viet-nam-2\/\" title=\"Workshop \u201cTh\u1ef1c tr\u1ea1ng ho\u1ea1t \u0111\u1ed9ng chuy\u1ec3n gi\u00e1 t\u1ea1i Vi\u1ec7t Nam\u201d\">\r\n                                            <h4>Workshop \u201cTh\u1ef1c tr\u1ea1ng ho\u1ea1t \u0111\u1ed9ng chuy\u1ec3n gi\u00e1 t\u1ea1i Vi\u1ec7t Nam\u201d<\/h4>\r\n                                                                                    <\/a>\r\n                                        <div class=\"overlay-bottom\">\r\n                                        \t\t\t\t\t\t\t\t\t\t\t\t\t                                                    \t<div>At 8:47 am<\/div>\r\n                                                                                                                                                                                                    <div>By admin<\/div>\r\n                                                                                                                                        \r\n\t\t\t\t\t\t\t\t\t\t\t                                            \r\n                                        <\/div>\r\n                                    <\/div>\r\n                                <\/div><!--\/event-item-->\r\n                            <\/div>\r\n                                                    <\/div><!--\/grid-item-->\r\n                                                <div class=\"grid-item grid-post-id-139204\">\r\n                            <div class=\"grid-item-inner\">\r\n                                <div class=\"grid-item-content event-item dark-div\">\r\n                                    <div class=\"event-thumbnail\">\r\n                                        <a href=\"https:\/\/sof.edu.vn\/en\/workshop-thuc-trang-hoat-dong-chuyen-gia-tai-viet-nam\/\" title=\"Workshop \u201cTh\u1ef1c tr\u1ea1ng ho\u1ea1t \u0111\u1ed9ng chuy\u1ec3n gi\u00e1 t\u1ea1i Vi\u1ec7t Nam\"  >\r\n                                                                                        <img loading=\"lazy\" decoding=\"async\" src=\"https:\/\/sof.edu.vn\/wp-content\/uploads\/2024\/04\/z5365940164963_ea56da00b49cf54df8095709f6311d1f-554x674.jpg\" width=\"554\" height=\"674\" title=\"Workshop \u201cTh\u1ef1c tr\u1ea1ng ho\u1ea1t \u0111\u1ed9ng chuy\u1ec3n gi\u00e1 t\u1ea1i Vi\u1ec7t Nam\" alt=\"Workshop \u201cTh\u1ef1c tr\u1ea1ng ho\u1ea1t \u0111\u1ed9ng chuy\u1ec3n gi\u00e1 t\u1ea1i Vi\u1ec7t Nam\">\r\n                                        <\/a>\r\n                                    <\/div>\r\n                                                                            <div class=\"date-block\">\r\n                                        \t                                                                                        <div class=\"month\">Apr<\/div>\r\n                                            <div class=\"day\">20<\/div>                                        <\/div>\r\n                                                                        <div class=\"event-overlay\">\r\n                                        <a class=\"overlay-top\" href=\"https:\/\/sof.edu.vn\/en\/workshop-thuc-trang-hoat-dong-chuyen-gia-tai-viet-nam\/\" title=\"Workshop \u201cTh\u1ef1c tr\u1ea1ng ho\u1ea1t \u0111\u1ed9ng chuy\u1ec3n gi\u00e1 t\u1ea1i Vi\u1ec7t Nam\">\r\n                                            <h4>Workshop \u201cTh\u1ef1c tr\u1ea1ng ho\u1ea1t \u0111\u1ed9ng chuy\u1ec3n gi\u00e1 t\u1ea1i Vi\u1ec7t Nam<\/h4>\r\n                                                                                    <\/a>\r\n                                        <div class=\"overlay-bottom\">\r\n                                        \t\t\t\t\t\t\t\t\t\t\t\t\t                                                    \t<div>At 4:34 pm<\/div>\r\n                                                                                                                                                                                                    <div>By admin<\/div>\r\n                                                                                                                                        \r\n\t\t\t\t\t\t\t\t\t\t\t                                            \r\n                                        <\/div>\r\n                                    <\/div>\r\n                                <\/div><!--\/event-item-->\r\n                            <\/div>\r\n                                                    <\/div><!--\/grid-item-->\r\n                                                <div class=\"grid-item grid-post-id-139029\">\r\n                            <div class=\"grid-item-inner\">\r\n                                <div class=\"grid-item-content event-item dark-div\">\r\n                                    <div class=\"event-thumbnail\">\r\n                                        <a href=\"https:\/\/sof.edu.vn\/en\/toa-dam-khoa-hoc-khoa-tai-chinh-chu-de-risk-management-anticipating-and-reacting-in-starcraft-8h30-30-8-2023\/\" title=\"T\u1eccA \u0110\u00c0M KHOA H\u1eccC KHOA T\u00c0I CH\u00cdNH\u2014Ch\u1ee7 \u0111\u1ec1 &#8220;Risk Management: Anticipating and Reacting in StarCraft&#8221; | 8h30 |30\/8\/2023\"  >\r\n                                                                                        <img loading=\"lazy\" decoding=\"async\" src=\"https:\/\/sof.edu.vn\/wp-content\/uploads\/2023\/08\/Standee-dung-2.png\" width=\"225\" height=\"674\" title=\"T\u1eccA \u0110\u00c0M KHOA H\u1eccC KHOA T\u00c0I CH\u00cdNH\u2014Ch\u1ee7 \u0111\u1ec1 &#8220;Risk Management: Anticipating and Reacting in StarCraft&#8221; | 8h30 |30\/8\/2023\" alt=\"T\u1eccA \u0110\u00c0M KHOA H\u1eccC KHOA T\u00c0I CH\u00cdNH\u2014Ch\u1ee7 \u0111\u1ec1 &#8220;Risk Management: Anticipating and Reacting in StarCraft&#8221; | 8h30 |30\/8\/2023\">\r\n                                        <\/a>\r\n                                    <\/div>\r\n                                                                            <div class=\"date-block\">\r\n                                        \t                                                                                        <div class=\"month\">Aug<\/div>\r\n                                            <div class=\"day\">25<\/div>                                        <\/div>\r\n                                                                        <div class=\"event-overlay\">\r\n                                        <a class=\"overlay-top\" href=\"https:\/\/sof.edu.vn\/en\/toa-dam-khoa-hoc-khoa-tai-chinh-chu-de-risk-management-anticipating-and-reacting-in-starcraft-8h30-30-8-2023\/\" title=\"T\u1eccA \u0110\u00c0M KHOA H\u1eccC KHOA T\u00c0I CH\u00cdNH\u2014Ch\u1ee7 \u0111\u1ec1 &#8220;Risk Management: Anticipating and Reacting in StarCraft&#8221; | 8h30 |30\/8\/2023\">\r\n                                            <h4>T\u1eccA \u0110\u00c0M KHOA H\u1eccC KHOA T\u00c0I CH\u00cdNH\u2014Ch\u1ee7 \u0111\u1ec1 &#8220;Risk Management: Anticipating and Reacting in StarCraft&#8221; | 8h30 |30\/8\/2023<\/h4>\r\n                                                                                    <\/a>\r\n                                        <div class=\"overlay-bottom\">\r\n                                        \t\t\t\t\t\t\t\t\t\t\t\t\t                                                    \t<div>At 1:37 pm<\/div>\r\n                                                                                                                                                                                                    <div>By T\u00f4 C\u00f4ng Nguy\u00ean B\u1ea3o<\/div>\r\n                                                                                                                                        \r\n\t\t\t\t\t\t\t\t\t\t\t                                            \r\n                                        <\/div>\r\n                                    <\/div>\r\n                                <\/div><!--\/event-item-->\r\n                            <\/div>\r\n                                                    <\/div><!--\/grid-item-->\r\n                                        <\/div>\r\n            <\/div>\r\n        <\/div><!--\/un-grid-listing-->\r\n        \t<\/div><\/div><\/div><\/div>    \t\t\t<\/div><!--\/u_row-->","protected":false},"excerpt":{"rendered":"Khoa T\u00e0i Ch\u00ednh, Tr\u01b0\u1eddng Kinh doanh, \u0110\u1ea1i h\u1ecdc UEH ph\u1ed1i h\u1ee3p c\u00f9ng SFR t\u1ed5 ch\u1ee9c bu\u1ed5i\u00a0T\u1ecda \u0111\u00e0m khoa h\u1ecdc v\u1edbi ch\u1ee7 \u0111\u1ec1\u00a0\"Risk Management: Anticipating and Reacting in StarCraft\" Kh\u00e1ch&nbsp;m\u1eddi: Dr. Bryan S. Weber | City University of New York (CUNY) | United States of America.&nbsp; _Associate Editor \u2014 Evaluation Review (SCOPUS, SSCI, ABDC: A) _Associate [...]","protected":false},"author":1,"featured_media":0,"parent":136967,"menu_order":0,"comment_status":"closed","ping_status":"closed","template":"","meta":{"_coblocks_attr":"","_coblocks_dimensions":"","_coblocks_responsive_height":"","_coblocks_accordion_ie_support":"","footnotes":""},"class_list":["post-136971","page","type-page","status-publish","hentry"],"_links":{"self":[{"href":"https:\/\/sof.edu.vn\/en\/wp-json\/wp\/v2\/pages\/136971","targetHints":{"allow":["GET"]}}],"collection":[{"href":"https:\/\/sof.edu.vn\/en\/wp-json\/wp\/v2\/pages"}],"about":[{"href":"https:\/\/sof.edu.vn\/en\/wp-json\/wp\/v2\/types\/page"}],"author":[{"embeddable":true,"href":"https:\/\/sof.edu.vn\/en\/wp-json\/wp\/v2\/users\/1"}],"replies":[{"embeddable":true,"href":"https:\/\/sof.edu.vn\/en\/wp-json\/wp\/v2\/comments?post=136971"}],"version-history":[{"count":2,"href":"https:\/\/sof.edu.vn\/en\/wp-json\/wp\/v2\/pages\/136971\/revisions"}],"predecessor-version":[{"id":137056,"href":"https:\/\/sof.edu.vn\/en\/wp-json\/wp\/v2\/pages\/136971\/revisions\/137056"}],"up":[{"embeddable":true,"href":"https:\/\/sof.edu.vn\/en\/wp-json\/wp\/v2\/pages\/136967"}],"wp:attachment":[{"href":"https:\/\/sof.edu.vn\/en\/wp-json\/wp\/v2\/media?parent=136971"}],"curies":[{"name":"wp","href":"https:\/\/api.w.org\/{rel}","templated":true}]}}