{"id":139400,"date":"2024-11-06T07:57:14","date_gmt":"2024-11-06T07:57:14","guid":{"rendered":"https:\/\/sof.edu.vn\/?page_id=139400"},"modified":"2024-11-06T07:57:15","modified_gmt":"2024-11-06T07:57:15","slug":"chuong-trinh-dao-tao-nganh-tai-chinh","status":"publish","type":"page","link":"https:\/\/sof.edu.vn\/en\/chuong-trinh-dao-tao-nganh-tai-chinh\/","title":{"rendered":"Ch\u01b0\u01a1ng tr\u00ecnh \u0111\u00e0o t\u1ea1o ng\u00e0nh T\u00e0i Ch\u00ednh"},"content":{"rendered":"<a href=\"https:\/\/sof.edu.vn\/wp-content\/uploads\/2024\/11\/24.-QD2245-2024-Dieu-chinh-CDR-CTDT-Tai-chinh-trinh-do-dai-hoc-K50-1.pdf\" class=\"pdfemb-viewer\" style=\"\" data-width=\"max\" data-height=\"max\"  data-toolbar=\"top\" data-toolbar-fixed=\"on\">24.-QD2245-2024-Dieu-chinh-CDR-CTDT-Tai-chinh-trinh-do-dai-hoc-K50-1<br\/><\/a>\n<p class=\"wp-block-pdfemb-pdf-embedder-viewer\"><\/p>","protected":false},"excerpt":{"rendered":"","protected":false},"author":1,"featured_media":138110,"parent":0,"menu_order":0,"comment_status":"closed","ping_status":"closed","template":"","meta":{"_coblocks_attr":"","_coblocks_dimensions":"","_coblocks_responsive_height":"","_coblocks_accordion_ie_support":"","footnotes":""},"class_list":["post-139400","page","type-page","status-publish","has-post-thumbnail","hentry"],"_links":{"self":[{"href":"https:\/\/sof.edu.vn\/en\/wp-json\/wp\/v2\/pages\/139400","targetHints":{"allow":["GET"]}}],"collection":[{"href":"https:\/\/sof.edu.vn\/en\/wp-json\/wp\/v2\/pages"}],"about":[{"href":"https:\/\/sof.edu.vn\/en\/wp-json\/wp\/v2\/types\/page"}],"author":[{"embeddable":true,"href":"https:\/\/sof.edu.vn\/en\/wp-json\/wp\/v2\/users\/1"}],"replies":[{"embeddable":true,"href":"https:\/\/sof.edu.vn\/en\/wp-json\/wp\/v2\/comments?post=139400"}],"version-history":[{"count":1,"href":"https:\/\/sof.edu.vn\/en\/wp-json\/wp\/v2\/pages\/139400\/revisions"}],"predecessor-version":[{"id":139402,"href":"https:\/\/sof.edu.vn\/en\/wp-json\/wp\/v2\/pages\/139400\/revisions\/139402"}],"wp:featuredmedia":[{"embeddable":true,"href":"https:\/\/sof.edu.vn\/en\/wp-json\/wp\/v2\/media\/138110"}],"wp:attachment":[{"href":"https:\/\/sof.edu.vn\/en\/wp-json\/wp\/v2\/media?parent=139400"}],"curies":[{"name":"wp","href":"https:\/\/api.w.org\/{rel}","templated":true}]}}